{"id":385,"date":"2025-02-02T18:12:46","date_gmt":"2025-02-02T18:12:46","guid":{"rendered":"https:\/\/ttcustom.com\/?page_id=385"},"modified":"2025-05-03T15:36:09","modified_gmt":"2025-05-03T15:36:09","slug":"motorsikletinize-ozel-boya-hizmeti","status":"publish","type":"page","link":"https:\/\/ttcustom.com\/?page_id=385","title":{"rendered":"Motorsikletinize \u00d6zel Boya Hizmeti"},"content":{"rendered":"\t\t<div data-elementor-type=\"wp-page\" data-elementor-id=\"385\" class=\"elementor elementor-385\" data-elementor-post-type=\"page\">\n\t\t\t\t<div class=\"elementor-element elementor-element-33c0017f e-flex e-con-boxed e-con e-parent\" data-id=\"33c0017f\" data-element_type=\"container\">\n\t\t\t\t\t<div class=\"e-con-inner\">\n\t\t\t\t<div class=\"elementor-element elementor-element-3461cf91 elementor--h-position-center elementor--v-position-middle elementor-arrows-position-inside elementor-pagination-position-inside elementor-widget elementor-widget-slides\" data-id=\"3461cf91\" data-element_type=\"widget\" data-settings=\"{&quot;navigation&quot;:&quot;both&quot;,&quot;autoplay&quot;:&quot;yes&quot;,&quot;pause_on_hover&quot;:&quot;yes&quot;,&quot;pause_on_interaction&quot;:&quot;yes&quot;,&quot;autoplay_speed&quot;:5000,&quot;infinite&quot;:&quot;yes&quot;,&quot;transition&quot;:&quot;slide&quot;,&quot;transition_speed&quot;:500}\" data-widget_type=\"slides.default\">\n\t\t\t\t<div class=\"elementor-widget-container\">\n\t\t\t\t\t\t\t\t\t<div class=\"elementor-swiper\">\n\t\t\t\t\t<div class=\"elementor-slides-wrapper elementor-main-swiper swiper\" role=\"region\" aria-roledescription=\"carousel\" aria-label=\"Motorlar\" dir=\"ltr\" data-animation=\"fadeInUp\">\n\t\t\t\t<div class=\"swiper-wrapper elementor-slides\">\n\t\t\t\t\t\t\t\t\t\t<div class=\"elementor-repeater-item-e867c30 swiper-slide\" role=\"group\" aria-roledescription=\"slide\"><div class=\"swiper-slide-bg\" role=\"img\"><\/div><div class=\"swiper-slide-inner\" ><div class=\"swiper-slide-contents\"><div class=\"elementor-slide-heading\">boya Hizmeti<\/div><div class=\"elementor-slide-description\">TT Custom'dan Motorsikletinize \u00d6zel Boya Hizmetleri!<\/div><\/div><\/div><\/div>\t\t\t\t<\/div>\n\t\t\t\t\t\t\t<\/div>\n\t\t\t\t<\/div>\n\t\t\t\t\t\t\t\t<\/div>\n\t\t\t\t<\/div>\n\t\t\t\t\t<\/div>\n\t\t\t\t<\/div>\n\t\t<div class=\"elementor-element elementor-element-44a569a2 e-flex e-con-boxed e-con e-parent\" data-id=\"44a569a2\" data-element_type=\"container\" data-settings=\"{&quot;background_background&quot;:&quot;classic&quot;}\">\n\t\t\t\t\t<div class=\"e-con-inner\">\n\t\t<div class=\"elementor-element elementor-element-b269e05 e-con-full e-flex e-con e-child\" data-id=\"b269e05\" data-element_type=\"container\">\n\t\t\t\t<\/div>\n\t\t<div class=\"elementor-element elementor-element-13173fca e-con-full e-flex e-con e-child\" data-id=\"13173fca\" data-element_type=\"container\">\n\t\t\t\t<div class=\"elementor-element elementor-element-15305110 animated-slow elementor-invisible elementor-widget elementor-widget-heading\" data-id=\"15305110\" data-element_type=\"widget\" data-settings=\"{&quot;_animation&quot;:&quot;slideInUp&quot;}\" data-widget_type=\"heading.default\">\n\t\t\t\t<div class=\"elementor-widget-container\">\n\t\t\t\t\t<h2 class=\"elementor-heading-title elementor-size-default\">Airbrush Sanat\u0131 <BR><\/h2>\t\t\t\t<\/div>\n\t\t\t\t<\/div>\n\t\t\t\t<div class=\"elementor-element elementor-element-6b22de41 elementor-widget elementor-widget-text-editor\" data-id=\"6b22de41\" data-element_type=\"widget\" data-widget_type=\"text-editor.default\">\n\t\t\t\t<div class=\"elementor-widget-container\">\n\t\t\t\t\t\t\t\t\t<p><span data-id=\"209940800137963827\" data-is-visible=\"false\" data-ved=\"0CAEQy_oBahcKEwiw26Pp1eWKAxUAAAAAHQAAAAAQNw\"><span class=\"A5yTVb \">Hayalinizdeki tasar\u0131m\u0131 motorunuza yans\u0131t\u0131yoruz. \u00d6zg\u00fcn ve \u00e7arp\u0131c\u0131 airbrush tasar\u0131mlar\u0131yla motosikletinize ki\u015fisel dokunu\u015flar kat\u0131yoruz. <\/span><\/span><\/p>\t\t\t\t\t\t\t\t<\/div>\n\t\t\t\t<\/div>\n\t\t\t\t<div class=\"elementor-element elementor-element-e9f886 elementor-align-left elementor-mobile-align-center elementor-widget elementor-widget-button\" data-id=\"e9f886\" data-element_type=\"widget\" data-widget_type=\"button.default\">\n\t\t\t\t<div class=\"elementor-widget-container\">\n\t\t\t\t\t\t\t\t\t<div class=\"elementor-button-wrapper\">\n\t\t\t\t\t<a class=\"elementor-button elementor-button-link elementor-size-lg elementor-animation-grow\" href=\"tel:08508888888\">\n\t\t\t\t\t\t<span class=\"elementor-button-content-wrapper\">\n\t\t\t\t\t\t\t\t\t<span class=\"elementor-button-text\">Hemen Ara!<\/span>\n\t\t\t\t\t<\/span>\n\t\t\t\t\t<\/a>\n\t\t\t\t<\/div>\n\t\t\t\t\t\t\t\t<\/div>\n\t\t\t\t<\/div>\n\t\t\t\t<\/div>\n\t\t\t\t\t<\/div>\n\t\t\t\t<\/div>\n\t\t<div class=\"elementor-element elementor-element-70ac726d e-flex e-con-boxed e-con e-parent\" data-id=\"70ac726d\" data-element_type=\"container\" data-settings=\"{&quot;background_background&quot;:&quot;classic&quot;}\">\n\t\t\t\t\t<div class=\"e-con-inner\">\n\t\t<div class=\"elementor-element elementor-element-60b07f79 e-con-full e-flex e-con e-child\" data-id=\"60b07f79\" data-element_type=\"container\">\n\t\t\t\t<div class=\"elementor-element elementor-element-54e3923d animated-slow elementor-invisible elementor-widget elementor-widget-heading\" data-id=\"54e3923d\" data-element_type=\"widget\" data-settings=\"{&quot;_animation&quot;:&quot;slideInUp&quot;}\" data-widget_type=\"heading.default\">\n\t\t\t\t<div class=\"elementor-widget-container\">\n\t\t\t\t\t<h2 class=\"elementor-heading-title elementor-size-default\">Simli \u00d6zel Boya <BR><\/h2>\t\t\t\t<\/div>\n\t\t\t\t<\/div>\n\t\t\t\t<div class=\"elementor-element elementor-element-3f0d5e13 elementor-widget elementor-widget-text-editor\" data-id=\"3f0d5e13\" data-element_type=\"widget\" data-widget_type=\"text-editor.default\">\n\t\t\t\t<div class=\"elementor-widget-container\">\n\t\t\t\t\t\t\t\t\t<p><span data-id=\"209940800137963827\" data-is-visible=\"false\" data-ved=\"0CAEQy_oBahcKEwiw26Pp1eWKAxUAAAAAHQAAAAAQNw\"><span class=\"A5yTVb \">Parlak ve dikkat \u00e7ekici simli boyalarla motosikletinizi s\u0131radanl\u0131ktan \u00e7\u0131kar\u0131yoruz. Her detay, g\u00f6z al\u0131c\u0131 bir \u015f\u0131kl\u0131k sunuyor.<\/span><\/span><\/p>\t\t\t\t\t\t\t\t<\/div>\n\t\t\t\t<\/div>\n\t\t\t\t<div class=\"elementor-element elementor-element-5bfa095d elementor-align-left elementor-mobile-align-center elementor-widget elementor-widget-button\" data-id=\"5bfa095d\" data-element_type=\"widget\" data-widget_type=\"button.default\">\n\t\t\t\t<div class=\"elementor-widget-container\">\n\t\t\t\t\t\t\t\t\t<div class=\"elementor-button-wrapper\">\n\t\t\t\t\t<a class=\"elementor-button elementor-button-link elementor-size-lg elementor-animation-grow\" href=\"tel:08508888888\">\n\t\t\t\t\t\t<span class=\"elementor-button-content-wrapper\">\n\t\t\t\t\t\t\t\t\t<span class=\"elementor-button-text\">Hemen Ara!<\/span>\n\t\t\t\t\t<\/span>\n\t\t\t\t\t<\/a>\n\t\t\t\t<\/div>\n\t\t\t\t\t\t\t\t<\/div>\n\t\t\t\t<\/div>\n\t\t\t\t<\/div>\n\t\t<div class=\"elementor-element elementor-element-ad44883 e-con-full e-flex e-con e-child\" data-id=\"ad44883\" data-element_type=\"container\">\n\t\t\t\t<\/div>\n\t\t\t\t\t<\/div>\n\t\t\t\t<\/div>\n\t\t<div class=\"elementor-element elementor-element-67cc2295 e-flex e-con-boxed e-con e-parent\" data-id=\"67cc2295\" data-element_type=\"container\" data-settings=\"{&quot;background_background&quot;:&quot;classic&quot;}\">\n\t\t\t\t\t<div class=\"e-con-inner\">\n\t\t<div class=\"elementor-element elementor-element-fedcffb e-con-full e-flex e-con e-child\" data-id=\"fedcffb\" data-element_type=\"container\">\n\t\t\t\t<\/div>\n\t\t<div class=\"elementor-element elementor-element-1fdc24c0 e-con-full e-flex e-con e-child\" data-id=\"1fdc24c0\" data-element_type=\"container\">\n\t\t\t\t<div class=\"elementor-element elementor-element-74c623ff animated-slow elementor-invisible elementor-widget elementor-widget-heading\" data-id=\"74c623ff\" data-element_type=\"widget\" data-settings=\"{&quot;_animation&quot;:&quot;slideInUp&quot;}\" data-widget_type=\"heading.default\">\n\t\t\t\t<div class=\"elementor-widget-container\">\n\t\t\t\t\t<h2 class=\"elementor-heading-title elementor-size-default\">Elektrostatik Boyama <BR><\/h2>\t\t\t\t<\/div>\n\t\t\t\t<\/div>\n\t\t\t\t<div class=\"elementor-element elementor-element-6e9e3647 elementor-widget elementor-widget-text-editor\" data-id=\"6e9e3647\" data-element_type=\"widget\" data-widget_type=\"text-editor.default\">\n\t\t\t\t<div class=\"elementor-widget-container\">\n\t\t\t\t\t\t\t\t\t<p><span data-id=\"209940800137963827\" data-is-visible=\"false\" data-ved=\"0CAEQy_oBahcKEwiw26Pp1eWKAxUAAAAAHQAAAAAQNw\"><span class=\"A5yTVb \">Motosikletinizin dayan\u0131kl\u0131l\u0131\u011f\u0131n\u0131 ve g\u00f6r\u00fcn\u00fcm\u00fcn\u00fc art\u0131ran 280 dereceye kadar dayanabilen \u00f6zel statik f\u0131r\u0131nlar\u0131m\u0131zla profesyonel elektrostatik boyama hizmeti sunuyoruz. <\/span><\/span><\/p>\t\t\t\t\t\t\t\t<\/div>\n\t\t\t\t<\/div>\n\t\t\t\t<div class=\"elementor-element elementor-element-ba8b147 elementor-align-left elementor-mobile-align-center elementor-widget elementor-widget-button\" data-id=\"ba8b147\" data-element_type=\"widget\" data-widget_type=\"button.default\">\n\t\t\t\t<div class=\"elementor-widget-container\">\n\t\t\t\t\t\t\t\t\t<div class=\"elementor-button-wrapper\">\n\t\t\t\t\t<a class=\"elementor-button elementor-button-link elementor-size-lg elementor-animation-grow\" href=\"tel:08508888888\">\n\t\t\t\t\t\t<span class=\"elementor-button-content-wrapper\">\n\t\t\t\t\t\t\t\t\t<span class=\"elementor-button-text\">Hemen Ara!<\/span>\n\t\t\t\t\t<\/span>\n\t\t\t\t\t<\/a>\n\t\t\t\t<\/div>\n\t\t\t\t\t\t\t\t<\/div>\n\t\t\t\t<\/div>\n\t\t\t\t<\/div>\n\t\t\t\t\t<\/div>\n\t\t\t\t<\/div>\n\t\t\t\t<\/div>\n\t\t","protected":false},"excerpt":{"rendered":"<p>boya HizmetiTT Custom&#8217;dan Motorsikletinize \u00d6zel Boya Hizmetleri! Airbrush Sanat\u0131 Hayalinizdeki tasar\u0131m\u0131 motorunuza yans\u0131t\u0131yoruz. \u00d6zg\u00fcn ve \u00e7arp\u0131c\u0131 airbrush tasar\u0131mlar\u0131yla motosikletinize ki\u015fisel dokunu\u015flar kat\u0131yoruz. Hemen Ara! Simli \u00d6zel Boya Parlak ve dikkat \u00e7ekici simli boyalarla motosikletinizi s\u0131radanl\u0131ktan \u00e7\u0131kar\u0131yoruz. Her detay, g\u00f6z al\u0131c\u0131 bir \u015f\u0131kl\u0131k sunuyor. Hemen Ara! Elektrostatik Boyama Motosikletinizin dayan\u0131kl\u0131l\u0131\u011f\u0131n\u0131 ve g\u00f6r\u00fcn\u00fcm\u00fcn\u00fc art\u0131ran 280 dereceye kadar [&hellip;]<\/p>\n","protected":false},"author":1,"featured_media":0,"parent":0,"menu_order":0,"comment_status":"closed","ping_status":"closed","template":"","meta":{"footnotes":""},"class_list":["post-385","page","type-page","status-publish","hentry"],"yoast_head":"<!-- This site is optimized with the Yoast SEO Premium plugin v24.6 (Yoast SEO v24.6) - https:\/\/yoast.com\/wordpress\/plugins\/seo\/ -->\n<title>Motorsikletinize \u00d6zel Boya Hizmeti - TT Custom Choppers<\/title>\n<meta name=\"robots\" content=\"index, follow, max-snippet:-1, max-image-preview:large, max-video-preview:-1\" \/>\n<link rel=\"canonical\" href=\"https:\/\/ttcustom.com\/?page_id=385\" \/>\n<meta property=\"og:locale\" content=\"tr_TR\" \/>\n<meta property=\"og:type\" content=\"article\" \/>\n<meta property=\"og:title\" content=\"Motorsikletinize \u00d6zel Boya Hizmeti\" \/>\n<meta property=\"og:description\" content=\"boya HizmetiTT Custom&#8217;dan Motorsikletinize \u00d6zel Boya Hizmetleri! Airbrush Sanat\u0131 Hayalinizdeki tasar\u0131m\u0131 motorunuza yans\u0131t\u0131yoruz. \u00d6zg\u00fcn ve \u00e7arp\u0131c\u0131 airbrush tasar\u0131mlar\u0131yla motosikletinize ki\u015fisel dokunu\u015flar kat\u0131yoruz. Hemen Ara! Simli \u00d6zel Boya Parlak ve dikkat \u00e7ekici simli boyalarla motosikletinizi s\u0131radanl\u0131ktan \u00e7\u0131kar\u0131yoruz. Her detay, g\u00f6z al\u0131c\u0131 bir \u015f\u0131kl\u0131k sunuyor. Hemen Ara! Elektrostatik Boyama Motosikletinizin dayan\u0131kl\u0131l\u0131\u011f\u0131n\u0131 ve g\u00f6r\u00fcn\u00fcm\u00fcn\u00fc art\u0131ran 280 dereceye kadar [&hellip;]\" \/>\n<meta property=\"og:url\" content=\"https:\/\/ttcustom.com\/?page_id=385\" \/>\n<meta property=\"og:site_name\" content=\"TT Custom Choppers\" \/>\n<meta property=\"article:publisher\" content=\"https:\/\/www.facebook.com\/ttcustomturkiye\" \/>\n<meta property=\"article:modified_time\" content=\"2025-05-03T15:36:09+00:00\" \/>\n<meta property=\"og:image\" content=\"https:\/\/ttcustom.com\/wp-content\/uploads\/2025\/05\/012.png\" \/>\n\t<meta property=\"og:image:width\" content=\"1000\" \/>\n\t<meta property=\"og:image:height\" content=\"562\" \/>\n\t<meta property=\"og:image:type\" content=\"image\/png\" \/>\n<meta name=\"twitter:card\" content=\"summary_large_image\" \/>\n<meta name=\"twitter:label1\" content=\"Tahmini okuma s\u00fcresi\" \/>\n\t<meta name=\"twitter:data1\" content=\"1 dakika\" \/>\n<script type=\"application\/ld+json\" class=\"yoast-schema-graph\">{\"@context\":\"https:\/\/schema.org\",\"@graph\":[{\"@type\":\"WebPage\",\"@id\":\"https:\/\/ttcustom.com\/?page_id=385\",\"url\":\"https:\/\/ttcustom.com\/?page_id=385\",\"name\":\"Motorsikletinize \u00d6zel Boya Hizmeti - TT Custom Choppers\",\"isPartOf\":{\"@id\":\"https:\/\/ttcustom.com\/#website\"},\"datePublished\":\"2025-02-02T18:12:46+00:00\",\"dateModified\":\"2025-05-03T15:36:09+00:00\",\"breadcrumb\":{\"@id\":\"https:\/\/ttcustom.com\/?page_id=385#breadcrumb\"},\"inLanguage\":\"tr\",\"potentialAction\":[{\"@type\":\"ReadAction\",\"target\":[\"https:\/\/ttcustom.com\/?page_id=385\"]}]},{\"@type\":\"BreadcrumbList\",\"@id\":\"https:\/\/ttcustom.com\/?page_id=385#breadcrumb\",\"itemListElement\":[{\"@type\":\"ListItem\",\"position\":1,\"name\":\"Anasayfa\",\"item\":\"https:\/\/ttcustom.com\/\"},{\"@type\":\"ListItem\",\"position\":2,\"name\":\"Motorsikletinize \u00d6zel Boya Hizmeti\"}]},{\"@type\":\"WebSite\",\"@id\":\"https:\/\/ttcustom.com\/#website\",\"url\":\"https:\/\/ttcustom.com\/\",\"name\":\"TT Custom, T\u00fcrkiye'nin En G\u00fcvenilir Motorsiklet Servisi, T\u00fcrkiye'de ilk Yerli \u00dcretim Motorsiklet\",\"description\":\"\",\"publisher\":{\"@id\":\"https:\/\/ttcustom.com\/#organization\"},\"potentialAction\":[{\"@type\":\"SearchAction\",\"target\":{\"@type\":\"EntryPoint\",\"urlTemplate\":\"https:\/\/ttcustom.com\/?s={search_term_string}\"},\"query-input\":{\"@type\":\"PropertyValueSpecification\",\"valueRequired\":true,\"valueName\":\"search_term_string\"}}],\"inLanguage\":\"tr\"},{\"@type\":\"Organization\",\"@id\":\"https:\/\/ttcustom.com\/#organization\",\"name\":\"TT Custom, T\u00fcrkiye'nin En G\u00fcvenilir Motorsiklet Servisi, T\u00fcrkiye'de ilk Yerli \u00dcretim Motorsiklet\",\"url\":\"https:\/\/ttcustom.com\/\",\"logo\":{\"@type\":\"ImageObject\",\"inLanguage\":\"tr\",\"@id\":\"https:\/\/ttcustom.com\/#\/schema\/logo\/image\/\",\"url\":\"https:\/\/ttcustom.com\/wp-content\/uploads\/2025\/03\/asdasdad.png\",\"contentUrl\":\"https:\/\/ttcustom.com\/wp-content\/uploads\/2025\/03\/asdasdad.png\",\"width\":1000,\"height\":1000,\"caption\":\"TT Custom, T\u00fcrkiye'nin En G\u00fcvenilir Motorsiklet Servisi, T\u00fcrkiye'de ilk Yerli \u00dcretim Motorsiklet\"},\"image\":{\"@id\":\"https:\/\/ttcustom.com\/#\/schema\/logo\/image\/\"},\"sameAs\":[\"https:\/\/www.facebook.com\/ttcustomturkiye\"],\"email\":\"info@ttmotor.com.tr\",\"telephone\":\"08508888888\",\"legalName\":\"TT Motor A.\u015e.\"}]}<\/script>\n<!-- \/ Yoast SEO Premium plugin. -->","yoast_head_json":{"title":"Motorsikletinize \u00d6zel Boya Hizmeti - TT Custom Choppers","robots":{"index":"index","follow":"follow","max-snippet":"max-snippet:-1","max-image-preview":"max-image-preview:large","max-video-preview":"max-video-preview:-1"},"canonical":"https:\/\/ttcustom.com\/?page_id=385","og_locale":"tr_TR","og_type":"article","og_title":"Motorsikletinize \u00d6zel Boya Hizmeti","og_description":"boya HizmetiTT Custom&#8217;dan Motorsikletinize \u00d6zel Boya Hizmetleri! Airbrush Sanat\u0131 Hayalinizdeki tasar\u0131m\u0131 motorunuza yans\u0131t\u0131yoruz. \u00d6zg\u00fcn ve \u00e7arp\u0131c\u0131 airbrush tasar\u0131mlar\u0131yla motosikletinize ki\u015fisel dokunu\u015flar kat\u0131yoruz. Hemen Ara! Simli \u00d6zel Boya Parlak ve dikkat \u00e7ekici simli boyalarla motosikletinizi s\u0131radanl\u0131ktan \u00e7\u0131kar\u0131yoruz. Her detay, g\u00f6z al\u0131c\u0131 bir \u015f\u0131kl\u0131k sunuyor. Hemen Ara! Elektrostatik Boyama Motosikletinizin dayan\u0131kl\u0131l\u0131\u011f\u0131n\u0131 ve g\u00f6r\u00fcn\u00fcm\u00fcn\u00fc art\u0131ran 280 dereceye kadar [&hellip;]","og_url":"https:\/\/ttcustom.com\/?page_id=385","og_site_name":"TT Custom Choppers","article_publisher":"https:\/\/www.facebook.com\/ttcustomturkiye","article_modified_time":"2025-05-03T15:36:09+00:00","og_image":[{"width":1000,"height":562,"url":"https:\/\/ttcustom.com\/wp-content\/uploads\/2025\/05\/012.png","type":"image\/png"}],"twitter_card":"summary_large_image","twitter_misc":{"Tahmini okuma s\u00fcresi":"1 dakika"},"schema":{"@context":"https:\/\/schema.org","@graph":[{"@type":"WebPage","@id":"https:\/\/ttcustom.com\/?page_id=385","url":"https:\/\/ttcustom.com\/?page_id=385","name":"Motorsikletinize \u00d6zel Boya Hizmeti - TT Custom Choppers","isPartOf":{"@id":"https:\/\/ttcustom.com\/#website"},"datePublished":"2025-02-02T18:12:46+00:00","dateModified":"2025-05-03T15:36:09+00:00","breadcrumb":{"@id":"https:\/\/ttcustom.com\/?page_id=385#breadcrumb"},"inLanguage":"tr","potentialAction":[{"@type":"ReadAction","target":["https:\/\/ttcustom.com\/?page_id=385"]}]},{"@type":"BreadcrumbList","@id":"https:\/\/ttcustom.com\/?page_id=385#breadcrumb","itemListElement":[{"@type":"ListItem","position":1,"name":"Anasayfa","item":"https:\/\/ttcustom.com\/"},{"@type":"ListItem","position":2,"name":"Motorsikletinize \u00d6zel Boya Hizmeti"}]},{"@type":"WebSite","@id":"https:\/\/ttcustom.com\/#website","url":"https:\/\/ttcustom.com\/","name":"TT Custom, T\u00fcrkiye'nin En G\u00fcvenilir Motorsiklet Servisi, T\u00fcrkiye'de ilk Yerli \u00dcretim Motorsiklet","description":"","publisher":{"@id":"https:\/\/ttcustom.com\/#organization"},"potentialAction":[{"@type":"SearchAction","target":{"@type":"EntryPoint","urlTemplate":"https:\/\/ttcustom.com\/?s={search_term_string}"},"query-input":{"@type":"PropertyValueSpecification","valueRequired":true,"valueName":"search_term_string"}}],"inLanguage":"tr"},{"@type":"Organization","@id":"https:\/\/ttcustom.com\/#organization","name":"TT Custom, T\u00fcrkiye'nin En G\u00fcvenilir Motorsiklet Servisi, T\u00fcrkiye'de ilk Yerli \u00dcretim Motorsiklet","url":"https:\/\/ttcustom.com\/","logo":{"@type":"ImageObject","inLanguage":"tr","@id":"https:\/\/ttcustom.com\/#\/schema\/logo\/image\/","url":"https:\/\/ttcustom.com\/wp-content\/uploads\/2025\/03\/asdasdad.png","contentUrl":"https:\/\/ttcustom.com\/wp-content\/uploads\/2025\/03\/asdasdad.png","width":1000,"height":1000,"caption":"TT Custom, T\u00fcrkiye'nin En G\u00fcvenilir Motorsiklet Servisi, T\u00fcrkiye'de ilk Yerli \u00dcretim Motorsiklet"},"image":{"@id":"https:\/\/ttcustom.com\/#\/schema\/logo\/image\/"},"sameAs":["https:\/\/www.facebook.com\/ttcustomturkiye"],"email":"info@ttmotor.com.tr","telephone":"08508888888","legalName":"TT Motor A.\u015e."}]}},"rttpg_featured_image_url":null,"rttpg_author":{"display_name":"admin","author_link":"https:\/\/ttcustom.com\/?author=1"},"rttpg_comment":0,"rttpg_category":null,"rttpg_excerpt":"boya HizmetiTT Custom&#8217;dan Motorsikletinize \u00d6zel Boya Hizmetleri! Airbrush Sanat\u0131 Hayalinizdeki tasar\u0131m\u0131 motorunuza yans\u0131t\u0131yoruz. \u00d6zg\u00fcn ve \u00e7arp\u0131c\u0131 airbrush tasar\u0131mlar\u0131yla motosikletinize ki\u015fisel dokunu\u015flar kat\u0131yoruz. Hemen Ara! Simli \u00d6zel Boya Parlak ve dikkat \u00e7ekici simli boyalarla motosikletinizi s\u0131radanl\u0131ktan \u00e7\u0131kar\u0131yoruz. Her detay, g\u00f6z al\u0131c\u0131 bir \u015f\u0131kl\u0131k sunuyor. Hemen Ara! Elektrostatik Boyama Motosikletinizin dayan\u0131kl\u0131l\u0131\u011f\u0131n\u0131 ve g\u00f6r\u00fcn\u00fcm\u00fcn\u00fc art\u0131ran 280 dereceye kadar&hellip;","_links":{"self":[{"href":"https:\/\/ttcustom.com\/index.php?rest_route=\/wp\/v2\/pages\/385","targetHints":{"allow":["GET"]}}],"collection":[{"href":"https:\/\/ttcustom.com\/index.php?rest_route=\/wp\/v2\/pages"}],"about":[{"href":"https:\/\/ttcustom.com\/index.php?rest_route=\/wp\/v2\/types\/page"}],"author":[{"embeddable":true,"href":"https:\/\/ttcustom.com\/index.php?rest_route=\/wp\/v2\/users\/1"}],"replies":[{"embeddable":true,"href":"https:\/\/ttcustom.com\/index.php?rest_route=%2Fwp%2Fv2%2Fcomments&post=385"}],"version-history":[{"count":16,"href":"https:\/\/ttcustom.com\/index.php?rest_route=\/wp\/v2\/pages\/385\/revisions"}],"predecessor-version":[{"id":2245,"href":"https:\/\/ttcustom.com\/index.php?rest_route=\/wp\/v2\/pages\/385\/revisions\/2245"}],"wp:attachment":[{"href":"https:\/\/ttcustom.com\/index.php?rest_route=%2Fwp%2Fv2%2Fmedia&parent=385"}],"curies":[{"name":"wp","href":"https:\/\/api.w.org\/{rel}","templated":true}]}}