{"id":344,"date":"2025-02-02T17:03:24","date_gmt":"2025-02-02T17:03:24","guid":{"rendered":"https:\/\/ttcustom.com\/?page_id=344"},"modified":"2025-05-03T13:08:27","modified_gmt":"2025-05-03T13:08:27","slug":"tt-custom-bakim-ve-servis","status":"publish","type":"page","link":"https:\/\/ttcustom.com\/?page_id=344","title":{"rendered":"TT Custom Bak\u0131m ve Servis"},"content":{"rendered":"\t\t<div data-elementor-type=\"wp-page\" data-elementor-id=\"344\" class=\"elementor elementor-344\" data-elementor-post-type=\"page\">\n\t\t\t\t<div class=\"elementor-element elementor-element-377594cf e-flex e-con-boxed e-con e-parent\" data-id=\"377594cf\" data-element_type=\"container\">\n\t\t\t\t\t<div class=\"e-con-inner\">\n\t\t\t\t<div class=\"elementor-element elementor-element-57db9300 elementor--h-position-center elementor--v-position-middle elementor-arrows-position-inside elementor-pagination-position-inside elementor-widget elementor-widget-slides\" data-id=\"57db9300\" data-element_type=\"widget\" data-settings=\"{&quot;navigation&quot;:&quot;both&quot;,&quot;autoplay&quot;:&quot;yes&quot;,&quot;pause_on_hover&quot;:&quot;yes&quot;,&quot;pause_on_interaction&quot;:&quot;yes&quot;,&quot;autoplay_speed&quot;:5000,&quot;infinite&quot;:&quot;yes&quot;,&quot;transition&quot;:&quot;slide&quot;,&quot;transition_speed&quot;:500}\" data-widget_type=\"slides.default\">\n\t\t\t\t<div class=\"elementor-widget-container\">\n\t\t\t\t\t\t\t\t\t<div class=\"elementor-swiper\">\n\t\t\t\t\t<div class=\"elementor-slides-wrapper elementor-main-swiper swiper\" role=\"region\" aria-roledescription=\"carousel\" aria-label=\"Motorlar\" dir=\"ltr\" data-animation=\"fadeInUp\">\n\t\t\t\t<div class=\"swiper-wrapper elementor-slides\">\n\t\t\t\t\t\t\t\t\t\t<div class=\"elementor-repeater-item-e867c30 swiper-slide\" role=\"group\" aria-roledescription=\"slide\"><div class=\"swiper-slide-bg\" role=\"img\"><\/div><div class=\"swiper-slide-inner\" ><div class=\"swiper-slide-contents\"><div class=\"elementor-slide-heading\">Hizmet Verdi\u011fimiz Markalar<\/div><div class=\"elementor-slide-description\">TT Custom \u00e7at\u0131s\u0131 alt\u0131nda Hizmet Verdi\u011fimiz Markalar.<\/div><\/div><\/div><\/div>\t\t\t\t<\/div>\n\t\t\t\t\t\t\t<\/div>\n\t\t\t\t<\/div>\n\t\t\t\t\t\t\t\t<\/div>\n\t\t\t\t<\/div>\n\t\t\t\t\t<\/div>\n\t\t\t\t<\/div>\n\t\t<div class=\"elementor-element elementor-element-225763ce e-flex e-con-boxed e-con e-parent\" data-id=\"225763ce\" data-element_type=\"container\" data-settings=\"{&quot;background_background&quot;:&quot;classic&quot;}\">\n\t\t\t\t\t<div class=\"e-con-inner\">\n\t\t<div class=\"elementor-element elementor-element-5fc23fd e-con-full e-flex e-con e-child\" data-id=\"5fc23fd\" data-element_type=\"container\">\n\t\t\t\t<div class=\"elementor-element elementor-element-1ac49294 elementor-widget elementor-widget-text-editor\" data-id=\"1ac49294\" data-element_type=\"widget\" data-widget_type=\"text-editor.default\">\n\t\t\t\t<div class=\"elementor-widget-container\">\n\t\t\t\t\t\t\t\t\t<p><strong>BMW, Harley-Davidson, Royal Enfield, ve \u0130ndian Marka Motorsikletleriniz ile diledi\u011finiz an TT Custom&#8217;dan hizmet alabilirsiniz.<\/strong><\/p>\t\t\t\t\t\t\t\t<\/div>\n\t\t\t\t<\/div>\n\t\t\t\t<\/div>\n\t\t<div class=\"elementor-element elementor-element-4bf88623 e-con-full e-flex e-con e-child\" data-id=\"4bf88623\" data-element_type=\"container\">\n\t\t\t\t<\/div>\n\t\t\t\t\t<\/div>\n\t\t\t\t<\/div>\n\t\t\t\t<\/div>\n\t\t","protected":false},"excerpt":{"rendered":"<p>Hizmet Verdi\u011fimiz MarkalarTT Custom \u00e7at\u0131s\u0131 alt\u0131nda Hizmet Verdi\u011fimiz Markalar. BMW, Harley-Davidson, Royal Enfield, ve \u0130ndian Marka Motorsikletleriniz ile diledi\u011finiz an TT Custom&#8217;dan hizmet alabilirsiniz.<\/p>\n","protected":false},"author":1,"featured_media":0,"parent":0,"menu_order":0,"comment_status":"closed","ping_status":"closed","template":"","meta":{"footnotes":""},"class_list":["post-344","page","type-page","status-publish","hentry"],"yoast_head":"<!-- This site is optimized with the Yoast SEO Premium plugin v24.6 (Yoast SEO v24.6) - https:\/\/yoast.com\/wordpress\/plugins\/seo\/ -->\n<title>TT Custom Bak\u0131m ve Servis - TT Custom Choppers<\/title>\n<meta name=\"robots\" content=\"index, follow, max-snippet:-1, max-image-preview:large, max-video-preview:-1\" \/>\n<link rel=\"canonical\" href=\"https:\/\/ttcustom.com\/?page_id=344\" \/>\n<meta property=\"og:locale\" content=\"tr_TR\" \/>\n<meta property=\"og:type\" content=\"article\" \/>\n<meta property=\"og:title\" content=\"TT Custom Bak\u0131m ve Servis\" \/>\n<meta property=\"og:description\" content=\"Hizmet Verdi\u011fimiz MarkalarTT Custom \u00e7at\u0131s\u0131 alt\u0131nda Hizmet Verdi\u011fimiz Markalar. BMW, Harley-Davidson, Royal Enfield, ve \u0130ndian Marka Motorsikletleriniz ile diledi\u011finiz an TT Custom&#8217;dan hizmet alabilirsiniz.\" \/>\n<meta property=\"og:url\" content=\"https:\/\/ttcustom.com\/?page_id=344\" \/>\n<meta property=\"og:site_name\" content=\"TT Custom Choppers\" \/>\n<meta property=\"article:publisher\" content=\"https:\/\/www.facebook.com\/ttcustomturkiye\" \/>\n<meta property=\"article:modified_time\" content=\"2025-05-03T13:08:27+00:00\" \/>\n<meta property=\"og:image\" content=\"https:\/\/ttcustom.com\/wp-content\/uploads\/2025\/05\/012.png\" \/>\n\t<meta property=\"og:image:width\" content=\"1000\" \/>\n\t<meta property=\"og:image:height\" content=\"562\" \/>\n\t<meta property=\"og:image:type\" content=\"image\/png\" \/>\n<meta name=\"twitter:card\" content=\"summary_large_image\" \/>\n<meta name=\"twitter:label1\" content=\"Tahmini okuma s\u00fcresi\" \/>\n\t<meta name=\"twitter:data1\" content=\"1 dakika\" \/>\n<script type=\"application\/ld+json\" class=\"yoast-schema-graph\">{\"@context\":\"https:\/\/schema.org\",\"@graph\":[{\"@type\":\"WebPage\",\"@id\":\"https:\/\/ttcustom.com\/?page_id=344\",\"url\":\"https:\/\/ttcustom.com\/?page_id=344\",\"name\":\"TT Custom Bak\u0131m ve Servis - TT Custom Choppers\",\"isPartOf\":{\"@id\":\"https:\/\/ttcustom.com\/#website\"},\"datePublished\":\"2025-02-02T17:03:24+00:00\",\"dateModified\":\"2025-05-03T13:08:27+00:00\",\"breadcrumb\":{\"@id\":\"https:\/\/ttcustom.com\/?page_id=344#breadcrumb\"},\"inLanguage\":\"tr\",\"potentialAction\":[{\"@type\":\"ReadAction\",\"target\":[\"https:\/\/ttcustom.com\/?page_id=344\"]}]},{\"@type\":\"BreadcrumbList\",\"@id\":\"https:\/\/ttcustom.com\/?page_id=344#breadcrumb\",\"itemListElement\":[{\"@type\":\"ListItem\",\"position\":1,\"name\":\"Anasayfa\",\"item\":\"https:\/\/ttcustom.com\/\"},{\"@type\":\"ListItem\",\"position\":2,\"name\":\"TT Custom Bak\u0131m ve Servis\"}]},{\"@type\":\"WebSite\",\"@id\":\"https:\/\/ttcustom.com\/#website\",\"url\":\"https:\/\/ttcustom.com\/\",\"name\":\"TT Custom, T\u00fcrkiye'nin En G\u00fcvenilir Motorsiklet Servisi, T\u00fcrkiye'de ilk Yerli \u00dcretim Motorsiklet\",\"description\":\"\",\"publisher\":{\"@id\":\"https:\/\/ttcustom.com\/#organization\"},\"potentialAction\":[{\"@type\":\"SearchAction\",\"target\":{\"@type\":\"EntryPoint\",\"urlTemplate\":\"https:\/\/ttcustom.com\/?s={search_term_string}\"},\"query-input\":{\"@type\":\"PropertyValueSpecification\",\"valueRequired\":true,\"valueName\":\"search_term_string\"}}],\"inLanguage\":\"tr\"},{\"@type\":\"Organization\",\"@id\":\"https:\/\/ttcustom.com\/#organization\",\"name\":\"TT Custom, T\u00fcrkiye'nin En G\u00fcvenilir Motorsiklet Servisi, T\u00fcrkiye'de ilk Yerli \u00dcretim Motorsiklet\",\"url\":\"https:\/\/ttcustom.com\/\",\"logo\":{\"@type\":\"ImageObject\",\"inLanguage\":\"tr\",\"@id\":\"https:\/\/ttcustom.com\/#\/schema\/logo\/image\/\",\"url\":\"https:\/\/ttcustom.com\/wp-content\/uploads\/2025\/03\/asdasdad.png\",\"contentUrl\":\"https:\/\/ttcustom.com\/wp-content\/uploads\/2025\/03\/asdasdad.png\",\"width\":1000,\"height\":1000,\"caption\":\"TT Custom, T\u00fcrkiye'nin En G\u00fcvenilir Motorsiklet Servisi, T\u00fcrkiye'de ilk Yerli \u00dcretim Motorsiklet\"},\"image\":{\"@id\":\"https:\/\/ttcustom.com\/#\/schema\/logo\/image\/\"},\"sameAs\":[\"https:\/\/www.facebook.com\/ttcustomturkiye\"],\"email\":\"info@ttmotor.com.tr\",\"telephone\":\"08508888888\",\"legalName\":\"TT Motor A.\u015e.\"}]}<\/script>\n<!-- \/ Yoast SEO Premium plugin. -->","yoast_head_json":{"title":"TT Custom Bak\u0131m ve Servis - TT Custom Choppers","robots":{"index":"index","follow":"follow","max-snippet":"max-snippet:-1","max-image-preview":"max-image-preview:large","max-video-preview":"max-video-preview:-1"},"canonical":"https:\/\/ttcustom.com\/?page_id=344","og_locale":"tr_TR","og_type":"article","og_title":"TT Custom Bak\u0131m ve Servis","og_description":"Hizmet Verdi\u011fimiz MarkalarTT Custom \u00e7at\u0131s\u0131 alt\u0131nda Hizmet Verdi\u011fimiz Markalar. BMW, Harley-Davidson, Royal Enfield, ve \u0130ndian Marka Motorsikletleriniz ile diledi\u011finiz an TT Custom&#8217;dan hizmet alabilirsiniz.","og_url":"https:\/\/ttcustom.com\/?page_id=344","og_site_name":"TT Custom Choppers","article_publisher":"https:\/\/www.facebook.com\/ttcustomturkiye","article_modified_time":"2025-05-03T13:08:27+00:00","og_image":[{"width":1000,"height":562,"url":"https:\/\/ttcustom.com\/wp-content\/uploads\/2025\/05\/012.png","type":"image\/png"}],"twitter_card":"summary_large_image","twitter_misc":{"Tahmini okuma s\u00fcresi":"1 dakika"},"schema":{"@context":"https:\/\/schema.org","@graph":[{"@type":"WebPage","@id":"https:\/\/ttcustom.com\/?page_id=344","url":"https:\/\/ttcustom.com\/?page_id=344","name":"TT Custom Bak\u0131m ve Servis - TT Custom Choppers","isPartOf":{"@id":"https:\/\/ttcustom.com\/#website"},"datePublished":"2025-02-02T17:03:24+00:00","dateModified":"2025-05-03T13:08:27+00:00","breadcrumb":{"@id":"https:\/\/ttcustom.com\/?page_id=344#breadcrumb"},"inLanguage":"tr","potentialAction":[{"@type":"ReadAction","target":["https:\/\/ttcustom.com\/?page_id=344"]}]},{"@type":"BreadcrumbList","@id":"https:\/\/ttcustom.com\/?page_id=344#breadcrumb","itemListElement":[{"@type":"ListItem","position":1,"name":"Anasayfa","item":"https:\/\/ttcustom.com\/"},{"@type":"ListItem","position":2,"name":"TT Custom Bak\u0131m ve Servis"}]},{"@type":"WebSite","@id":"https:\/\/ttcustom.com\/#website","url":"https:\/\/ttcustom.com\/","name":"TT Custom, T\u00fcrkiye'nin En G\u00fcvenilir Motorsiklet Servisi, T\u00fcrkiye'de ilk Yerli \u00dcretim Motorsiklet","description":"","publisher":{"@id":"https:\/\/ttcustom.com\/#organization"},"potentialAction":[{"@type":"SearchAction","target":{"@type":"EntryPoint","urlTemplate":"https:\/\/ttcustom.com\/?s={search_term_string}"},"query-input":{"@type":"PropertyValueSpecification","valueRequired":true,"valueName":"search_term_string"}}],"inLanguage":"tr"},{"@type":"Organization","@id":"https:\/\/ttcustom.com\/#organization","name":"TT Custom, T\u00fcrkiye'nin En G\u00fcvenilir Motorsiklet Servisi, T\u00fcrkiye'de ilk Yerli \u00dcretim Motorsiklet","url":"https:\/\/ttcustom.com\/","logo":{"@type":"ImageObject","inLanguage":"tr","@id":"https:\/\/ttcustom.com\/#\/schema\/logo\/image\/","url":"https:\/\/ttcustom.com\/wp-content\/uploads\/2025\/03\/asdasdad.png","contentUrl":"https:\/\/ttcustom.com\/wp-content\/uploads\/2025\/03\/asdasdad.png","width":1000,"height":1000,"caption":"TT Custom, T\u00fcrkiye'nin En G\u00fcvenilir Motorsiklet Servisi, T\u00fcrkiye'de ilk Yerli \u00dcretim Motorsiklet"},"image":{"@id":"https:\/\/ttcustom.com\/#\/schema\/logo\/image\/"},"sameAs":["https:\/\/www.facebook.com\/ttcustomturkiye"],"email":"info@ttmotor.com.tr","telephone":"08508888888","legalName":"TT Motor A.\u015e."}]}},"rttpg_featured_image_url":null,"rttpg_author":{"display_name":"admin","author_link":"https:\/\/ttcustom.com\/?author=1"},"rttpg_comment":0,"rttpg_category":null,"rttpg_excerpt":"Hizmet Verdi\u011fimiz MarkalarTT Custom \u00e7at\u0131s\u0131 alt\u0131nda Hizmet Verdi\u011fimiz Markalar. BMW, Harley-Davidson, Royal Enfield, ve \u0130ndian Marka Motorsikletleriniz ile diledi\u011finiz an TT Custom&#8217;dan hizmet alabilirsiniz.","_links":{"self":[{"href":"https:\/\/ttcustom.com\/index.php?rest_route=\/wp\/v2\/pages\/344","targetHints":{"allow":["GET"]}}],"collection":[{"href":"https:\/\/ttcustom.com\/index.php?rest_route=\/wp\/v2\/pages"}],"about":[{"href":"https:\/\/ttcustom.com\/index.php?rest_route=\/wp\/v2\/types\/page"}],"author":[{"embeddable":true,"href":"https:\/\/ttcustom.com\/index.php?rest_route=\/wp\/v2\/users\/1"}],"replies":[{"embeddable":true,"href":"https:\/\/ttcustom.com\/index.php?rest_route=%2Fwp%2Fv2%2Fcomments&post=344"}],"version-history":[{"count":19,"href":"https:\/\/ttcustom.com\/index.php?rest_route=\/wp\/v2\/pages\/344\/revisions"}],"predecessor-version":[{"id":2174,"href":"https:\/\/ttcustom.com\/index.php?rest_route=\/wp\/v2\/pages\/344\/revisions\/2174"}],"wp:attachment":[{"href":"https:\/\/ttcustom.com\/index.php?rest_route=%2Fwp%2Fv2%2Fmedia&parent=344"}],"curies":[{"name":"wp","href":"https:\/\/api.w.org\/{rel}","templated":true}]}}