{"id":2114,"date":"2025-05-03T10:07:21","date_gmt":"2025-05-03T10:07:21","guid":{"rendered":"https:\/\/ttcustom.com\/?page_id=2114"},"modified":"2025-05-03T10:19:24","modified_gmt":"2025-05-03T10:19:24","slug":"vizyonumuz","status":"publish","type":"page","link":"https:\/\/ttcustom.com\/?page_id=2114","title":{"rendered":"Misyonumuz"},"content":{"rendered":"\t\t<div data-elementor-type=\"wp-page\" data-elementor-id=\"2114\" class=\"elementor elementor-2114\" data-elementor-post-type=\"page\">\n\t\t\t\t<div class=\"elementor-element elementor-element-d858dbc e-flex e-con-boxed e-con e-parent\" data-id=\"d858dbc\" data-element_type=\"container\">\n\t\t\t\t\t<div class=\"e-con-inner\">\n\t\t<div class=\"elementor-element elementor-element-751c2c6 e-con-full e-flex e-con e-child\" data-id=\"751c2c6\" data-element_type=\"container\">\n\t\t\t\t<div class=\"elementor-element elementor-element-a2fb889 elementor--h-position-center elementor--v-position-middle elementor-arrows-position-inside elementor-pagination-position-inside elementor-widget elementor-widget-slides\" data-id=\"a2fb889\" data-element_type=\"widget\" data-settings=\"{&quot;navigation&quot;:&quot;both&quot;,&quot;autoplay&quot;:&quot;yes&quot;,&quot;pause_on_hover&quot;:&quot;yes&quot;,&quot;pause_on_interaction&quot;:&quot;yes&quot;,&quot;autoplay_speed&quot;:5000,&quot;infinite&quot;:&quot;yes&quot;,&quot;transition&quot;:&quot;slide&quot;,&quot;transition_speed&quot;:500}\" data-widget_type=\"slides.default\">\n\t\t\t\t<div class=\"elementor-widget-container\">\n\t\t\t\t\t\t\t\t\t<div class=\"elementor-swiper\">\n\t\t\t\t\t<div class=\"elementor-slides-wrapper elementor-main-swiper swiper\" role=\"region\" aria-roledescription=\"carousel\" aria-label=\"Motorlar\" dir=\"ltr\" data-animation=\"fadeInUp\">\n\t\t\t\t<div class=\"swiper-wrapper elementor-slides\">\n\t\t\t\t\t\t\t\t\t\t<div class=\"elementor-repeater-item-e867c30 swiper-slide\" role=\"group\" aria-roledescription=\"slide\"><div class=\"swiper-slide-bg\" role=\"img\"><\/div><div class=\"swiper-slide-inner\" ><div class=\"swiper-slide-contents\"><div class=\"elementor-slide-heading\">Misyonumuz<\/div><\/div><\/div><\/div>\t\t\t\t<\/div>\n\t\t\t\t\t\t\t<\/div>\n\t\t\t\t<\/div>\n\t\t\t\t\t\t\t\t<\/div>\n\t\t\t\t<\/div>\n\t\t\t\t<\/div>\n\t\t\t\t\t<\/div>\n\t\t\t\t<\/div>\n\t\t<div class=\"elementor-element elementor-element-4699cc0 e-flex e-con-boxed e-con e-parent\" data-id=\"4699cc0\" data-element_type=\"container\">\n\t\t\t\t\t<div class=\"e-con-inner\">\n\t\t\t\t<div class=\"elementor-element elementor-element-3a954d8 elementor-widget elementor-widget-heading\" data-id=\"3a954d8\" data-element_type=\"widget\" data-widget_type=\"heading.default\">\n\t\t\t\t<div class=\"elementor-widget-container\">\n\t\t\t\t\t<h2 class=\"elementor-heading-title elementor-size-default\">Misyonumuz<\/h2>\t\t\t\t<\/div>\n\t\t\t\t<\/div>\n\t\t\t\t<div class=\"elementor-element elementor-element-8c4107f elementor-widget elementor-widget-text-editor\" data-id=\"8c4107f\" data-element_type=\"widget\" data-widget_type=\"text-editor.default\">\n\t\t\t\t<div class=\"elementor-widget-container\">\n\t\t\t\t\t\t\t\t\t<p class=\"\" data-start=\"144\" data-end=\"332\">Bizim i\u00e7in her motosiklet, bir hik\u00e2yenin ba\u015flang\u0131c\u0131d\u0131r.<br data-start=\"199\" data-end=\"202\" \/>TT Custom olarak misyonumuz; her s\u00fcr\u00fcc\u00fcn\u00fcn kendi yolculu\u011funu en g\u00fcvenli, en keyifli ve en sorunsuz \u015fekilde ya\u015famas\u0131n\u0131 sa\u011flamakt\u0131r.<\/p><p class=\"\" data-start=\"334\" data-end=\"625\">Sadece motor \u00fcretmiyoruz; ki\u015fiselle\u015ftirilmi\u015f par\u00e7alar, ustal\u0131kla tasarlanm\u0131\u015f \u00e7\u00f6z\u00fcmler ve ruhunuzu yolda \u00f6zg\u00fcr b\u0131rakacak hizmetler sunuyoruz. 7\/24 yol yard\u0131m\u0131ndan at\u00f6lyemizdeki en ince i\u015f\u00e7ili\u011fe kadar her dokunu\u015fumuzda, <strong data-start=\"552\" data-end=\"614\">m\u00fc\u015fterimizin zihnini rahatlatan bir sadakat ve kalite s\u00f6z\u00fc<\/strong> veriyoruz.<\/p><p class=\"\" data-start=\"627\" data-end=\"812\">Biz, yolda kar\u015f\u0131la\u015faca\u011f\u0131n\u0131z her virajda sizinle birlikteyiz.<br data-start=\"687\" data-end=\"690\" \/>Misyonumuz, <strong data-start=\"702\" data-end=\"736\">\u00f6zg\u00fcrl\u00fc\u011f\u00fc g\u00fcvenle birle\u015ftirmek<\/strong>,<br data-start=\"737\" data-end=\"740\" \/>her motor severe, <strong data-start=\"758\" data-end=\"798\">\u201cYola \u00e7\u0131kt\u0131m ama akl\u0131m TT Custom\u2019da\u201d<\/strong> dedirtmektir.<\/p>\t\t\t\t\t\t\t\t<\/div>\n\t\t\t\t<\/div>\n\t\t\t\t\t<\/div>\n\t\t\t\t<\/div>\n\t\t\t\t<\/div>\n\t\t","protected":false},"excerpt":{"rendered":"<p>Misyonumuz Misyonumuz Bizim i\u00e7in her motosiklet, bir hik\u00e2yenin ba\u015flang\u0131c\u0131d\u0131r.TT Custom olarak misyonumuz; her s\u00fcr\u00fcc\u00fcn\u00fcn kendi yolculu\u011funu en g\u00fcvenli, en keyifli ve en sorunsuz \u015fekilde ya\u015famas\u0131n\u0131 sa\u011flamakt\u0131r. Sadece motor \u00fcretmiyoruz; ki\u015fiselle\u015ftirilmi\u015f par\u00e7alar, ustal\u0131kla tasarlanm\u0131\u015f \u00e7\u00f6z\u00fcmler ve ruhunuzu yolda \u00f6zg\u00fcr b\u0131rakacak hizmetler sunuyoruz. 7\/24 yol yard\u0131m\u0131ndan at\u00f6lyemizdeki en ince i\u015f\u00e7ili\u011fe kadar her dokunu\u015fumuzda, m\u00fc\u015fterimizin zihnini rahatlatan bir [&hellip;]<\/p>\n","protected":false},"author":1,"featured_media":0,"parent":0,"menu_order":0,"comment_status":"closed","ping_status":"closed","template":"","meta":{"footnotes":""},"class_list":["post-2114","page","type-page","status-publish","hentry"],"yoast_head":"<!-- This site is optimized with the Yoast SEO Premium plugin v24.6 (Yoast SEO v24.6) - https:\/\/yoast.com\/wordpress\/plugins\/seo\/ -->\n<title>Misyonumuz - TT Custom Choppers<\/title>\n<meta name=\"robots\" content=\"index, follow, max-snippet:-1, max-image-preview:large, max-video-preview:-1\" \/>\n<link rel=\"canonical\" href=\"https:\/\/ttcustom.com\/?page_id=2114\" \/>\n<meta property=\"og:locale\" content=\"tr_TR\" \/>\n<meta property=\"og:type\" content=\"article\" \/>\n<meta property=\"og:title\" content=\"Misyonumuz\" \/>\n<meta property=\"og:description\" content=\"Misyonumuz Misyonumuz Bizim i\u00e7in her motosiklet, bir hik\u00e2yenin ba\u015flang\u0131c\u0131d\u0131r.TT Custom olarak misyonumuz; her s\u00fcr\u00fcc\u00fcn\u00fcn kendi yolculu\u011funu en g\u00fcvenli, en keyifli ve en sorunsuz \u015fekilde ya\u015famas\u0131n\u0131 sa\u011flamakt\u0131r. Sadece motor \u00fcretmiyoruz; ki\u015fiselle\u015ftirilmi\u015f par\u00e7alar, ustal\u0131kla tasarlanm\u0131\u015f \u00e7\u00f6z\u00fcmler ve ruhunuzu yolda \u00f6zg\u00fcr b\u0131rakacak hizmetler sunuyoruz. 7\/24 yol yard\u0131m\u0131ndan at\u00f6lyemizdeki en ince i\u015f\u00e7ili\u011fe kadar her dokunu\u015fumuzda, m\u00fc\u015fterimizin zihnini rahatlatan bir [&hellip;]\" \/>\n<meta property=\"og:url\" content=\"https:\/\/ttcustom.com\/?page_id=2114\" \/>\n<meta property=\"og:site_name\" content=\"TT Custom Choppers\" \/>\n<meta property=\"article:publisher\" content=\"https:\/\/www.facebook.com\/ttcustomturkiye\" \/>\n<meta property=\"article:modified_time\" content=\"2025-05-03T10:19:24+00:00\" \/>\n<meta property=\"og:image\" content=\"https:\/\/ttcustom.com\/wp-content\/uploads\/2025\/05\/012.png\" \/>\n\t<meta property=\"og:image:width\" content=\"1000\" \/>\n\t<meta property=\"og:image:height\" content=\"562\" \/>\n\t<meta property=\"og:image:type\" content=\"image\/png\" \/>\n<meta name=\"twitter:card\" content=\"summary_large_image\" \/>\n<meta name=\"twitter:label1\" content=\"Tahmini okuma s\u00fcresi\" \/>\n\t<meta name=\"twitter:data1\" content=\"1 dakika\" \/>\n<script type=\"application\/ld+json\" class=\"yoast-schema-graph\">{\"@context\":\"https:\/\/schema.org\",\"@graph\":[{\"@type\":\"WebPage\",\"@id\":\"https:\/\/ttcustom.com\/?page_id=2114\",\"url\":\"https:\/\/ttcustom.com\/?page_id=2114\",\"name\":\"Misyonumuz - TT Custom Choppers\",\"isPartOf\":{\"@id\":\"https:\/\/ttcustom.com\/#website\"},\"datePublished\":\"2025-05-03T10:07:21+00:00\",\"dateModified\":\"2025-05-03T10:19:24+00:00\",\"breadcrumb\":{\"@id\":\"https:\/\/ttcustom.com\/?page_id=2114#breadcrumb\"},\"inLanguage\":\"tr\",\"potentialAction\":[{\"@type\":\"ReadAction\",\"target\":[\"https:\/\/ttcustom.com\/?page_id=2114\"]}]},{\"@type\":\"BreadcrumbList\",\"@id\":\"https:\/\/ttcustom.com\/?page_id=2114#breadcrumb\",\"itemListElement\":[{\"@type\":\"ListItem\",\"position\":1,\"name\":\"Anasayfa\",\"item\":\"https:\/\/ttcustom.com\/\"},{\"@type\":\"ListItem\",\"position\":2,\"name\":\"Misyonumuz\"}]},{\"@type\":\"WebSite\",\"@id\":\"https:\/\/ttcustom.com\/#website\",\"url\":\"https:\/\/ttcustom.com\/\",\"name\":\"TT Custom, T\u00fcrkiye'nin En G\u00fcvenilir Motorsiklet Servisi, T\u00fcrkiye'de ilk Yerli \u00dcretim Motorsiklet\",\"description\":\"\",\"publisher\":{\"@id\":\"https:\/\/ttcustom.com\/#organization\"},\"potentialAction\":[{\"@type\":\"SearchAction\",\"target\":{\"@type\":\"EntryPoint\",\"urlTemplate\":\"https:\/\/ttcustom.com\/?s={search_term_string}\"},\"query-input\":{\"@type\":\"PropertyValueSpecification\",\"valueRequired\":true,\"valueName\":\"search_term_string\"}}],\"inLanguage\":\"tr\"},{\"@type\":\"Organization\",\"@id\":\"https:\/\/ttcustom.com\/#organization\",\"name\":\"TT Custom, T\u00fcrkiye'nin En G\u00fcvenilir Motorsiklet Servisi, T\u00fcrkiye'de ilk Yerli \u00dcretim Motorsiklet\",\"url\":\"https:\/\/ttcustom.com\/\",\"logo\":{\"@type\":\"ImageObject\",\"inLanguage\":\"tr\",\"@id\":\"https:\/\/ttcustom.com\/#\/schema\/logo\/image\/\",\"url\":\"https:\/\/ttcustom.com\/wp-content\/uploads\/2025\/03\/asdasdad.png\",\"contentUrl\":\"https:\/\/ttcustom.com\/wp-content\/uploads\/2025\/03\/asdasdad.png\",\"width\":1000,\"height\":1000,\"caption\":\"TT Custom, T\u00fcrkiye'nin En G\u00fcvenilir Motorsiklet Servisi, T\u00fcrkiye'de ilk Yerli \u00dcretim Motorsiklet\"},\"image\":{\"@id\":\"https:\/\/ttcustom.com\/#\/schema\/logo\/image\/\"},\"sameAs\":[\"https:\/\/www.facebook.com\/ttcustomturkiye\"],\"email\":\"info@ttmotor.com.tr\",\"telephone\":\"08508888888\",\"legalName\":\"TT Motor A.\u015e.\"}]}<\/script>\n<!-- \/ Yoast SEO Premium plugin. -->","yoast_head_json":{"title":"Misyonumuz - TT Custom Choppers","robots":{"index":"index","follow":"follow","max-snippet":"max-snippet:-1","max-image-preview":"max-image-preview:large","max-video-preview":"max-video-preview:-1"},"canonical":"https:\/\/ttcustom.com\/?page_id=2114","og_locale":"tr_TR","og_type":"article","og_title":"Misyonumuz","og_description":"Misyonumuz Misyonumuz Bizim i\u00e7in her motosiklet, bir hik\u00e2yenin ba\u015flang\u0131c\u0131d\u0131r.TT Custom olarak misyonumuz; her s\u00fcr\u00fcc\u00fcn\u00fcn kendi yolculu\u011funu en g\u00fcvenli, en keyifli ve en sorunsuz \u015fekilde ya\u015famas\u0131n\u0131 sa\u011flamakt\u0131r. Sadece motor \u00fcretmiyoruz; ki\u015fiselle\u015ftirilmi\u015f par\u00e7alar, ustal\u0131kla tasarlanm\u0131\u015f \u00e7\u00f6z\u00fcmler ve ruhunuzu yolda \u00f6zg\u00fcr b\u0131rakacak hizmetler sunuyoruz. 7\/24 yol yard\u0131m\u0131ndan at\u00f6lyemizdeki en ince i\u015f\u00e7ili\u011fe kadar her dokunu\u015fumuzda, m\u00fc\u015fterimizin zihnini rahatlatan bir [&hellip;]","og_url":"https:\/\/ttcustom.com\/?page_id=2114","og_site_name":"TT Custom Choppers","article_publisher":"https:\/\/www.facebook.com\/ttcustomturkiye","article_modified_time":"2025-05-03T10:19:24+00:00","og_image":[{"width":1000,"height":562,"url":"https:\/\/ttcustom.com\/wp-content\/uploads\/2025\/05\/012.png","type":"image\/png"}],"twitter_card":"summary_large_image","twitter_misc":{"Tahmini okuma s\u00fcresi":"1 dakika"},"schema":{"@context":"https:\/\/schema.org","@graph":[{"@type":"WebPage","@id":"https:\/\/ttcustom.com\/?page_id=2114","url":"https:\/\/ttcustom.com\/?page_id=2114","name":"Misyonumuz - TT Custom Choppers","isPartOf":{"@id":"https:\/\/ttcustom.com\/#website"},"datePublished":"2025-05-03T10:07:21+00:00","dateModified":"2025-05-03T10:19:24+00:00","breadcrumb":{"@id":"https:\/\/ttcustom.com\/?page_id=2114#breadcrumb"},"inLanguage":"tr","potentialAction":[{"@type":"ReadAction","target":["https:\/\/ttcustom.com\/?page_id=2114"]}]},{"@type":"BreadcrumbList","@id":"https:\/\/ttcustom.com\/?page_id=2114#breadcrumb","itemListElement":[{"@type":"ListItem","position":1,"name":"Anasayfa","item":"https:\/\/ttcustom.com\/"},{"@type":"ListItem","position":2,"name":"Misyonumuz"}]},{"@type":"WebSite","@id":"https:\/\/ttcustom.com\/#website","url":"https:\/\/ttcustom.com\/","name":"TT Custom, T\u00fcrkiye'nin En G\u00fcvenilir Motorsiklet Servisi, T\u00fcrkiye'de ilk Yerli \u00dcretim Motorsiklet","description":"","publisher":{"@id":"https:\/\/ttcustom.com\/#organization"},"potentialAction":[{"@type":"SearchAction","target":{"@type":"EntryPoint","urlTemplate":"https:\/\/ttcustom.com\/?s={search_term_string}"},"query-input":{"@type":"PropertyValueSpecification","valueRequired":true,"valueName":"search_term_string"}}],"inLanguage":"tr"},{"@type":"Organization","@id":"https:\/\/ttcustom.com\/#organization","name":"TT Custom, T\u00fcrkiye'nin En G\u00fcvenilir Motorsiklet Servisi, T\u00fcrkiye'de ilk Yerli \u00dcretim Motorsiklet","url":"https:\/\/ttcustom.com\/","logo":{"@type":"ImageObject","inLanguage":"tr","@id":"https:\/\/ttcustom.com\/#\/schema\/logo\/image\/","url":"https:\/\/ttcustom.com\/wp-content\/uploads\/2025\/03\/asdasdad.png","contentUrl":"https:\/\/ttcustom.com\/wp-content\/uploads\/2025\/03\/asdasdad.png","width":1000,"height":1000,"caption":"TT Custom, T\u00fcrkiye'nin En G\u00fcvenilir Motorsiklet Servisi, T\u00fcrkiye'de ilk Yerli \u00dcretim Motorsiklet"},"image":{"@id":"https:\/\/ttcustom.com\/#\/schema\/logo\/image\/"},"sameAs":["https:\/\/www.facebook.com\/ttcustomturkiye"],"email":"info@ttmotor.com.tr","telephone":"08508888888","legalName":"TT Motor A.\u015e."}]}},"rttpg_featured_image_url":null,"rttpg_author":{"display_name":"admin","author_link":"https:\/\/ttcustom.com\/?author=1"},"rttpg_comment":0,"rttpg_category":null,"rttpg_excerpt":"Misyonumuz Misyonumuz Bizim i\u00e7in her motosiklet, bir hik\u00e2yenin ba\u015flang\u0131c\u0131d\u0131r.TT Custom olarak misyonumuz; her s\u00fcr\u00fcc\u00fcn\u00fcn kendi yolculu\u011funu en g\u00fcvenli, en keyifli ve en sorunsuz \u015fekilde ya\u015famas\u0131n\u0131 sa\u011flamakt\u0131r. Sadece motor \u00fcretmiyoruz; ki\u015fiselle\u015ftirilmi\u015f par\u00e7alar, ustal\u0131kla tasarlanm\u0131\u015f \u00e7\u00f6z\u00fcmler ve ruhunuzu yolda \u00f6zg\u00fcr b\u0131rakacak hizmetler sunuyoruz. 7\/24 yol yard\u0131m\u0131ndan at\u00f6lyemizdeki en ince i\u015f\u00e7ili\u011fe kadar her dokunu\u015fumuzda, m\u00fc\u015fterimizin zihnini rahatlatan bir&hellip;","_links":{"self":[{"href":"https:\/\/ttcustom.com\/index.php?rest_route=\/wp\/v2\/pages\/2114","targetHints":{"allow":["GET"]}}],"collection":[{"href":"https:\/\/ttcustom.com\/index.php?rest_route=\/wp\/v2\/pages"}],"about":[{"href":"https:\/\/ttcustom.com\/index.php?rest_route=\/wp\/v2\/types\/page"}],"author":[{"embeddable":true,"href":"https:\/\/ttcustom.com\/index.php?rest_route=\/wp\/v2\/users\/1"}],"replies":[{"embeddable":true,"href":"https:\/\/ttcustom.com\/index.php?rest_route=%2Fwp%2Fv2%2Fcomments&post=2114"}],"version-history":[{"count":22,"href":"https:\/\/ttcustom.com\/index.php?rest_route=\/wp\/v2\/pages\/2114\/revisions"}],"predecessor-version":[{"id":2147,"href":"https:\/\/ttcustom.com\/index.php?rest_route=\/wp\/v2\/pages\/2114\/revisions\/2147"}],"wp:attachment":[{"href":"https:\/\/ttcustom.com\/index.php?rest_route=%2Fwp%2Fv2%2Fmedia&parent=2114"}],"curies":[{"name":"wp","href":"https:\/\/api.w.org\/{rel}","templated":true}]}}