{"id":1855,"date":"2025-04-29T17:51:06","date_gmt":"2025-04-29T17:51:06","guid":{"rendered":"https:\/\/ttcustom.com\/?page_id=1855"},"modified":"2025-05-01T22:00:57","modified_gmt":"2025-05-01T22:00:57","slug":"ozel-yapim-parca-ve-aksesuar","status":"publish","type":"page","link":"https:\/\/ttcustom.com\/?page_id=1855","title":{"rendered":"\u00d6zel Yap\u0131m Egzoz Sistemleri"},"content":{"rendered":"\t\t<div data-elementor-type=\"wp-page\" data-elementor-id=\"1855\" class=\"elementor elementor-1855\" data-elementor-post-type=\"page\">\n\t\t\t\t<div class=\"elementor-element elementor-element-6268a8fc e-flex e-con-boxed e-con e-parent\" data-id=\"6268a8fc\" data-element_type=\"container\">\n\t\t\t\t\t<div class=\"e-con-inner\">\n\t\t\t\t<div class=\"elementor-element elementor-element-4e4f20c6 elementor--h-position-center elementor--v-position-middle elementor-arrows-position-inside elementor-pagination-position-inside elementor-widget elementor-widget-slides\" data-id=\"4e4f20c6\" data-element_type=\"widget\" data-settings=\"{&quot;navigation&quot;:&quot;both&quot;,&quot;autoplay&quot;:&quot;yes&quot;,&quot;pause_on_hover&quot;:&quot;yes&quot;,&quot;pause_on_interaction&quot;:&quot;yes&quot;,&quot;autoplay_speed&quot;:5000,&quot;infinite&quot;:&quot;yes&quot;,&quot;transition&quot;:&quot;slide&quot;,&quot;transition_speed&quot;:500}\" data-widget_type=\"slides.default\">\n\t\t\t\t<div class=\"elementor-widget-container\">\n\t\t\t\t\t\t\t\t\t<div class=\"elementor-swiper\">\n\t\t\t\t\t<div class=\"elementor-slides-wrapper elementor-main-swiper swiper\" role=\"region\" aria-roledescription=\"carousel\" aria-label=\"Motorlar\" dir=\"ltr\" data-animation=\"fadeInUp\">\n\t\t\t\t<div class=\"swiper-wrapper elementor-slides\">\n\t\t\t\t\t\t\t\t\t\t<div class=\"elementor-repeater-item-e867c30 swiper-slide\" role=\"group\" aria-roledescription=\"slide\"><div class=\"swiper-slide-bg\" role=\"img\"><\/div><div class=\"swiper-slide-inner\" ><div class=\"swiper-slide-contents\"><div class=\"elementor-slide-heading\">\u00d6zel Yap\u0131m Egzoz Sistemleri<\/div><div class=\"elementor-slide-description\">TT Custom'da el i\u015f\u00e7ili\u011fiyle \u00fcretilen \u00f6zel yap\u0131m egzozlar<\/div><\/div><\/div><\/div>\t\t\t\t<\/div>\n\t\t\t\t\t\t\t<\/div>\n\t\t\t\t<\/div>\n\t\t\t\t\t\t\t\t<\/div>\n\t\t\t\t<\/div>\n\t\t\t\t\t<\/div>\n\t\t\t\t<\/div>\n\t\t<div class=\"elementor-element elementor-element-2db76db3 e-flex e-con-boxed e-con e-parent\" data-id=\"2db76db3\" data-element_type=\"container\" data-settings=\"{&quot;background_background&quot;:&quot;classic&quot;}\">\n\t\t\t\t\t<div class=\"e-con-inner\">\n\t\t<div class=\"elementor-element elementor-element-5a3341c e-con-full e-flex e-con e-child\" data-id=\"5a3341c\" data-element_type=\"container\">\n\t\t\t\t<\/div>\n\t\t<div class=\"elementor-element elementor-element-4054187a e-con-full e-flex e-con e-child\" data-id=\"4054187a\" data-element_type=\"container\">\n\t\t\t\t<div class=\"elementor-element elementor-element-7e924885 animated-slow elementor-invisible elementor-widget elementor-widget-heading\" data-id=\"7e924885\" data-element_type=\"widget\" data-settings=\"{&quot;_animation&quot;:&quot;slideInUp&quot;}\" data-widget_type=\"heading.default\">\n\t\t\t\t<div class=\"elementor-widget-container\">\n\t\t\t\t\t<h2 class=\"elementor-heading-title elementor-size-default\">Sadece G\u00fc\u00e7 De\u011fil, Tarz da Egzozdan Gelir.\n<\/h2>\t\t\t\t<\/div>\n\t\t\t\t<\/div>\n\t\t\t\t<div class=\"elementor-element elementor-element-54485a9b elementor-widget elementor-widget-text-editor\" data-id=\"54485a9b\" data-element_type=\"widget\" data-widget_type=\"text-editor.default\">\n\t\t\t\t<div class=\"elementor-widget-container\">\n\t\t\t\t\t\t\t\t\t<p class=\"\" data-start=\"207\" data-end=\"544\">TT Custom\u2019da her egzoz, s\u0131radan bir par\u00e7a de\u011fil; <strong data-start=\"256\" data-end=\"280\">bir ifade bi\u00e7imidir.<\/strong><br data-start=\"280\" data-end=\"283\" \/>G\u00fcc\u00fc art\u0131rmak, sesi ki\u015fiselle\u015ftirmek ve o ilk mar\u015fta ruhunu ortaya koymak istiyorsan, do\u011fru yerdesin.<br data-start=\"384\" data-end=\"387\" \/>Her egzoz sistemi ustalar\u0131m\u0131z\u0131n ellerinde, senin stiline \u00f6zel tasarlan\u0131r ve \u00fcretilir.<br data-start=\"472\" data-end=\"475\" \/><strong data-start=\"475\" data-end=\"544\" data-is-only-node=\"\">\u00c7\u00fcnk\u00fc motorun sustu\u011funda bile, egzozun seni anlatmaya devam eder.<\/strong><\/p>\t\t\t\t\t\t\t\t<\/div>\n\t\t\t\t<\/div>\n\t\t\t\t<div class=\"elementor-element elementor-element-791fefb9 elementor-align-center elementor-mobile-align-center elementor-widget elementor-widget-button\" data-id=\"791fefb9\" data-element_type=\"widget\" data-widget_type=\"button.default\">\n\t\t\t\t<div class=\"elementor-widget-container\">\n\t\t\t\t\t\t\t\t\t<div class=\"elementor-button-wrapper\">\n\t\t\t\t\t<a class=\"elementor-button elementor-button-link elementor-size-lg elementor-animation-grow\" href=\"#\">\n\t\t\t\t\t\t<span class=\"elementor-button-content-wrapper\">\n\t\t\t\t\t\t\t\t\t<span class=\"elementor-button-text\">Hemen Ara!<\/span>\n\t\t\t\t\t<\/span>\n\t\t\t\t\t<\/a>\n\t\t\t\t<\/div>\n\t\t\t\t\t\t\t\t<\/div>\n\t\t\t\t<\/div>\n\t\t\t\t<\/div>\n\t\t\t\t\t<\/div>\n\t\t\t\t<\/div>\n\t\t<div class=\"elementor-element elementor-element-20e15575 e-flex e-con-boxed e-con e-parent\" data-id=\"20e15575\" data-element_type=\"container\" data-settings=\"{&quot;background_background&quot;:&quot;classic&quot;}\">\n\t\t\t\t\t<div class=\"e-con-inner\">\n\t\t<div class=\"elementor-element elementor-element-51f37143 e-con-full e-flex e-con e-child\" data-id=\"51f37143\" data-element_type=\"container\">\n\t\t\t\t<div class=\"elementor-element elementor-element-4c071a5a animated-slow elementor-invisible elementor-widget elementor-widget-heading\" data-id=\"4c071a5a\" data-element_type=\"widget\" data-settings=\"{&quot;_animation&quot;:&quot;slideInUp&quot;}\" data-widget_type=\"heading.default\">\n\t\t\t\t<div class=\"elementor-widget-container\">\n\t\t\t\t\t<h2 class=\"elementor-heading-title elementor-size-default\">Egzozun Sesi, Senin \u0130mzan Olsun.<\/h2>\t\t\t\t<\/div>\n\t\t\t\t<\/div>\n\t\t\t\t<div class=\"elementor-element elementor-element-77d73ba7 elementor-widget elementor-widget-text-editor\" data-id=\"77d73ba7\" data-element_type=\"widget\" data-widget_type=\"text-editor.default\">\n\t\t\t\t<div class=\"elementor-widget-container\">\n\t\t\t\t\t\t\t\t\t<p class=\"\" data-start=\"175\" data-end=\"549\">TT Custom\u2019da \u00fcretilen her egzoz; sadece bir performans par\u00e7as\u0131 de\u011fil, senin karakterinin yolda yank\u0131lanan sesi olur.<br data-start=\"291\" data-end=\"294\" \/>Tok, agresif, derin ya da klasik&#8230; Nas\u0131l bir duru\u015f istiyorsan, biz o sesi senin i\u00e7in ellerimizle yarat\u0131yoruz.<br data-start=\"404\" data-end=\"407\" \/>Her kaynak, her k\u0131vr\u0131m ve her detay; ustal\u0131kla \u015fekillenir, motorunla b\u00fct\u00fcnle\u015fir.<br data-start=\"487\" data-end=\"490\" \/><strong data-start=\"490\" data-end=\"549\">\u00c7\u00fcnk\u00fc bizce bir motorun sesi, sahibinin ruhunu anlat\u0131r.<\/strong><\/p>\t\t\t\t\t\t\t\t<\/div>\n\t\t\t\t<\/div>\n\t\t\t\t<div class=\"elementor-element elementor-element-38cf19e6 elementor-align-center elementor-mobile-align-center elementor-widget elementor-widget-button\" data-id=\"38cf19e6\" data-element_type=\"widget\" data-widget_type=\"button.default\">\n\t\t\t\t<div class=\"elementor-widget-container\">\n\t\t\t\t\t\t\t\t\t<div class=\"elementor-button-wrapper\">\n\t\t\t\t\t<a class=\"elementor-button elementor-button-link elementor-size-lg elementor-animation-grow\" href=\"#\">\n\t\t\t\t\t\t<span class=\"elementor-button-content-wrapper\">\n\t\t\t\t\t\t\t\t\t<span class=\"elementor-button-text\">Hemen Ara!<\/span>\n\t\t\t\t\t<\/span>\n\t\t\t\t\t<\/a>\n\t\t\t\t<\/div>\n\t\t\t\t\t\t\t\t<\/div>\n\t\t\t\t<\/div>\n\t\t\t\t<\/div>\n\t\t<div class=\"elementor-element elementor-element-1fd400f e-con-full e-flex e-con e-child\" data-id=\"1fd400f\" data-element_type=\"container\">\n\t\t\t\t<\/div>\n\t\t\t\t\t<\/div>\n\t\t\t\t<\/div>\n\t\t<div class=\"elementor-element elementor-element-7656a38b e-flex e-con-boxed e-con e-parent\" data-id=\"7656a38b\" data-element_type=\"container\" data-settings=\"{&quot;background_background&quot;:&quot;classic&quot;}\">\n\t\t\t\t\t<div class=\"e-con-inner\">\n\t\t<div class=\"elementor-element elementor-element-f2214ce e-con-full e-flex e-con e-child\" data-id=\"f2214ce\" data-element_type=\"container\">\n\t\t\t\t<\/div>\n\t\t<div class=\"elementor-element elementor-element-15127db8 e-con-full e-flex e-con e-child\" data-id=\"15127db8\" data-element_type=\"container\">\n\t\t\t\t<div class=\"elementor-element elementor-element-46230d2c animated-slow elementor-invisible elementor-widget elementor-widget-heading\" data-id=\"46230d2c\" data-element_type=\"widget\" data-settings=\"{&quot;_animation&quot;:&quot;slideInUp&quot;}\" data-widget_type=\"heading.default\">\n\t\t\t\t<div class=\"elementor-widget-container\">\n\t\t\t\t\t<h2 class=\"elementor-heading-title elementor-size-default\">Sesi De\u011fil, Ruhunu Tasarl\u0131yoruz.<\/h2>\t\t\t\t<\/div>\n\t\t\t\t<\/div>\n\t\t\t\t<div class=\"elementor-element elementor-element-77350bf1 elementor-widget elementor-widget-text-editor\" data-id=\"77350bf1\" data-element_type=\"widget\" data-widget_type=\"text-editor.default\">\n\t\t\t\t<div class=\"elementor-widget-container\">\n\t\t\t\t\t\t\t\t\t<p class=\"\" data-start=\"256\" data-end=\"614\">Her TT Custom egzozu bir makineden fazlas\u0131d\u0131r \u2014 <strong data-start=\"304\" data-end=\"345\">karakterin sesi, tarz\u0131n\u0131n yank\u0131s\u0131d\u0131r.<\/strong><br data-start=\"345\" data-end=\"348\" \/>Klasik bir g\u00fcr\u00fclt\u00fc de\u011fil; derin, anlaml\u0131, sana \u00f6zel bir t\u0131n\u0131 yarat\u0131r\u0131z.<br data-start=\"419\" data-end=\"422\" \/>\u0130ster patlay\u0131c\u0131 bir yar\u0131\u015f sesi, ister tok ve a\u011f\u0131r bir duru\u015f&#8230;<br data-start=\"484\" data-end=\"487\" \/>Her egzoz, ustalar\u0131m\u0131z\u0131n ellerinde senin s\u00fcr\u00fc\u015f stiline g\u00f6re \u015fekillenir.<br data-start=\"558\" data-end=\"561\" \/><strong data-start=\"561\" data-end=\"614\">\u00c7\u00fcnk\u00fc bizce bir motorun sesi, sahibini anlatmal\u0131.<\/strong><\/p>\t\t\t\t\t\t\t\t<\/div>\n\t\t\t\t<\/div>\n\t\t\t\t<div class=\"elementor-element elementor-element-638019b elementor-align-center elementor-mobile-align-center elementor-widget elementor-widget-button\" data-id=\"638019b\" data-element_type=\"widget\" data-widget_type=\"button.default\">\n\t\t\t\t<div class=\"elementor-widget-container\">\n\t\t\t\t\t\t\t\t\t<div class=\"elementor-button-wrapper\">\n\t\t\t\t\t<a class=\"elementor-button elementor-button-link elementor-size-lg elementor-animation-grow\" href=\"#\">\n\t\t\t\t\t\t<span class=\"elementor-button-content-wrapper\">\n\t\t\t\t\t\t\t\t\t<span class=\"elementor-button-text\">Hemen Ara!<\/span>\n\t\t\t\t\t<\/span>\n\t\t\t\t\t<\/a>\n\t\t\t\t<\/div>\n\t\t\t\t\t\t\t\t<\/div>\n\t\t\t\t<\/div>\n\t\t\t\t<\/div>\n\t\t\t\t\t<\/div>\n\t\t\t\t<\/div>\n\t\t\t\t<\/div>\n\t\t","protected":false},"excerpt":{"rendered":"<p>\u00d6zel Yap\u0131m Egzoz SistemleriTT Custom&#8217;da el i\u015f\u00e7ili\u011fiyle \u00fcretilen \u00f6zel yap\u0131m egzozlar Sadece G\u00fc\u00e7 De\u011fil, Tarz da Egzozdan Gelir. TT Custom\u2019da her egzoz, s\u0131radan bir par\u00e7a de\u011fil; bir ifade bi\u00e7imidir.G\u00fcc\u00fc art\u0131rmak, sesi ki\u015fiselle\u015ftirmek ve o ilk mar\u015fta ruhunu ortaya koymak istiyorsan, do\u011fru yerdesin.Her egzoz sistemi ustalar\u0131m\u0131z\u0131n ellerinde, senin stiline \u00f6zel tasarlan\u0131r ve \u00fcretilir.\u00c7\u00fcnk\u00fc motorun sustu\u011funda bile, [&hellip;]<\/p>\n","protected":false},"author":1,"featured_media":0,"parent":0,"menu_order":0,"comment_status":"closed","ping_status":"closed","template":"","meta":{"footnotes":""},"class_list":["post-1855","page","type-page","status-publish","hentry"],"yoast_head":"<!-- This site is optimized with the Yoast SEO Premium plugin v24.6 (Yoast SEO v24.6) - https:\/\/yoast.com\/wordpress\/plugins\/seo\/ -->\n<title>\u00d6zel Yap\u0131m Egzoz Sistemleri - TT Custom Choppers<\/title>\n<meta name=\"robots\" content=\"index, follow, max-snippet:-1, max-image-preview:large, max-video-preview:-1\" \/>\n<link rel=\"canonical\" href=\"https:\/\/ttcustom.com\/?page_id=1855\" \/>\n<meta property=\"og:locale\" content=\"tr_TR\" \/>\n<meta property=\"og:type\" content=\"article\" \/>\n<meta property=\"og:title\" content=\"\u00d6zel Yap\u0131m Egzoz Sistemleri\" \/>\n<meta property=\"og:description\" content=\"\u00d6zel Yap\u0131m Egzoz SistemleriTT Custom&#8217;da el i\u015f\u00e7ili\u011fiyle \u00fcretilen \u00f6zel yap\u0131m egzozlar Sadece G\u00fc\u00e7 De\u011fil, Tarz da Egzozdan Gelir. TT Custom\u2019da her egzoz, s\u0131radan bir par\u00e7a de\u011fil; bir ifade bi\u00e7imidir.G\u00fcc\u00fc art\u0131rmak, sesi ki\u015fiselle\u015ftirmek ve o ilk mar\u015fta ruhunu ortaya koymak istiyorsan, do\u011fru yerdesin.Her egzoz sistemi ustalar\u0131m\u0131z\u0131n ellerinde, senin stiline \u00f6zel tasarlan\u0131r ve \u00fcretilir.\u00c7\u00fcnk\u00fc motorun sustu\u011funda bile, [&hellip;]\" \/>\n<meta property=\"og:url\" content=\"https:\/\/ttcustom.com\/?page_id=1855\" \/>\n<meta property=\"og:site_name\" content=\"TT Custom Choppers\" \/>\n<meta property=\"article:publisher\" content=\"https:\/\/www.facebook.com\/ttcustomturkiye\" \/>\n<meta property=\"article:modified_time\" content=\"2025-05-01T22:00:57+00:00\" \/>\n<meta property=\"og:image\" content=\"https:\/\/ttcustom.com\/wp-content\/uploads\/2025\/05\/012.png\" \/>\n\t<meta property=\"og:image:width\" content=\"1000\" \/>\n\t<meta property=\"og:image:height\" content=\"562\" \/>\n\t<meta property=\"og:image:type\" content=\"image\/png\" \/>\n<meta name=\"twitter:card\" content=\"summary_large_image\" \/>\n<meta name=\"twitter:label1\" content=\"Tahmini okuma s\u00fcresi\" \/>\n\t<meta name=\"twitter:data1\" content=\"2 dakika\" \/>\n<script type=\"application\/ld+json\" class=\"yoast-schema-graph\">{\"@context\":\"https:\/\/schema.org\",\"@graph\":[{\"@type\":\"WebPage\",\"@id\":\"https:\/\/ttcustom.com\/?page_id=1855\",\"url\":\"https:\/\/ttcustom.com\/?page_id=1855\",\"name\":\"\u00d6zel Yap\u0131m Egzoz Sistemleri - TT Custom Choppers\",\"isPartOf\":{\"@id\":\"https:\/\/ttcustom.com\/#website\"},\"datePublished\":\"2025-04-29T17:51:06+00:00\",\"dateModified\":\"2025-05-01T22:00:57+00:00\",\"breadcrumb\":{\"@id\":\"https:\/\/ttcustom.com\/?page_id=1855#breadcrumb\"},\"inLanguage\":\"tr\",\"potentialAction\":[{\"@type\":\"ReadAction\",\"target\":[\"https:\/\/ttcustom.com\/?page_id=1855\"]}]},{\"@type\":\"BreadcrumbList\",\"@id\":\"https:\/\/ttcustom.com\/?page_id=1855#breadcrumb\",\"itemListElement\":[{\"@type\":\"ListItem\",\"position\":1,\"name\":\"Anasayfa\",\"item\":\"https:\/\/ttcustom.com\/\"},{\"@type\":\"ListItem\",\"position\":2,\"name\":\"\u00d6zel Yap\u0131m Egzoz Sistemleri\"}]},{\"@type\":\"WebSite\",\"@id\":\"https:\/\/ttcustom.com\/#website\",\"url\":\"https:\/\/ttcustom.com\/\",\"name\":\"TT Custom, T\u00fcrkiye'nin En G\u00fcvenilir Motorsiklet Servisi, T\u00fcrkiye'de ilk Yerli \u00dcretim Motorsiklet\",\"description\":\"\",\"publisher\":{\"@id\":\"https:\/\/ttcustom.com\/#organization\"},\"potentialAction\":[{\"@type\":\"SearchAction\",\"target\":{\"@type\":\"EntryPoint\",\"urlTemplate\":\"https:\/\/ttcustom.com\/?s={search_term_string}\"},\"query-input\":{\"@type\":\"PropertyValueSpecification\",\"valueRequired\":true,\"valueName\":\"search_term_string\"}}],\"inLanguage\":\"tr\"},{\"@type\":\"Organization\",\"@id\":\"https:\/\/ttcustom.com\/#organization\",\"name\":\"TT Custom, T\u00fcrkiye'nin En G\u00fcvenilir Motorsiklet Servisi, T\u00fcrkiye'de ilk Yerli \u00dcretim Motorsiklet\",\"url\":\"https:\/\/ttcustom.com\/\",\"logo\":{\"@type\":\"ImageObject\",\"inLanguage\":\"tr\",\"@id\":\"https:\/\/ttcustom.com\/#\/schema\/logo\/image\/\",\"url\":\"https:\/\/ttcustom.com\/wp-content\/uploads\/2025\/03\/asdasdad.png\",\"contentUrl\":\"https:\/\/ttcustom.com\/wp-content\/uploads\/2025\/03\/asdasdad.png\",\"width\":1000,\"height\":1000,\"caption\":\"TT Custom, T\u00fcrkiye'nin En G\u00fcvenilir Motorsiklet Servisi, T\u00fcrkiye'de ilk Yerli \u00dcretim Motorsiklet\"},\"image\":{\"@id\":\"https:\/\/ttcustom.com\/#\/schema\/logo\/image\/\"},\"sameAs\":[\"https:\/\/www.facebook.com\/ttcustomturkiye\"],\"email\":\"info@ttmotor.com.tr\",\"telephone\":\"08508888888\",\"legalName\":\"TT Motor A.\u015e.\"}]}<\/script>\n<!-- \/ Yoast SEO Premium plugin. -->","yoast_head_json":{"title":"\u00d6zel Yap\u0131m Egzoz Sistemleri - TT Custom Choppers","robots":{"index":"index","follow":"follow","max-snippet":"max-snippet:-1","max-image-preview":"max-image-preview:large","max-video-preview":"max-video-preview:-1"},"canonical":"https:\/\/ttcustom.com\/?page_id=1855","og_locale":"tr_TR","og_type":"article","og_title":"\u00d6zel Yap\u0131m Egzoz Sistemleri","og_description":"\u00d6zel Yap\u0131m Egzoz SistemleriTT Custom&#8217;da el i\u015f\u00e7ili\u011fiyle \u00fcretilen \u00f6zel yap\u0131m egzozlar Sadece G\u00fc\u00e7 De\u011fil, Tarz da Egzozdan Gelir. TT Custom\u2019da her egzoz, s\u0131radan bir par\u00e7a de\u011fil; bir ifade bi\u00e7imidir.G\u00fcc\u00fc art\u0131rmak, sesi ki\u015fiselle\u015ftirmek ve o ilk mar\u015fta ruhunu ortaya koymak istiyorsan, do\u011fru yerdesin.Her egzoz sistemi ustalar\u0131m\u0131z\u0131n ellerinde, senin stiline \u00f6zel tasarlan\u0131r ve \u00fcretilir.\u00c7\u00fcnk\u00fc motorun sustu\u011funda bile, [&hellip;]","og_url":"https:\/\/ttcustom.com\/?page_id=1855","og_site_name":"TT Custom Choppers","article_publisher":"https:\/\/www.facebook.com\/ttcustomturkiye","article_modified_time":"2025-05-01T22:00:57+00:00","og_image":[{"width":1000,"height":562,"url":"https:\/\/ttcustom.com\/wp-content\/uploads\/2025\/05\/012.png","type":"image\/png"}],"twitter_card":"summary_large_image","twitter_misc":{"Tahmini okuma s\u00fcresi":"2 dakika"},"schema":{"@context":"https:\/\/schema.org","@graph":[{"@type":"WebPage","@id":"https:\/\/ttcustom.com\/?page_id=1855","url":"https:\/\/ttcustom.com\/?page_id=1855","name":"\u00d6zel Yap\u0131m Egzoz Sistemleri - TT Custom Choppers","isPartOf":{"@id":"https:\/\/ttcustom.com\/#website"},"datePublished":"2025-04-29T17:51:06+00:00","dateModified":"2025-05-01T22:00:57+00:00","breadcrumb":{"@id":"https:\/\/ttcustom.com\/?page_id=1855#breadcrumb"},"inLanguage":"tr","potentialAction":[{"@type":"ReadAction","target":["https:\/\/ttcustom.com\/?page_id=1855"]}]},{"@type":"BreadcrumbList","@id":"https:\/\/ttcustom.com\/?page_id=1855#breadcrumb","itemListElement":[{"@type":"ListItem","position":1,"name":"Anasayfa","item":"https:\/\/ttcustom.com\/"},{"@type":"ListItem","position":2,"name":"\u00d6zel Yap\u0131m Egzoz Sistemleri"}]},{"@type":"WebSite","@id":"https:\/\/ttcustom.com\/#website","url":"https:\/\/ttcustom.com\/","name":"TT Custom, T\u00fcrkiye'nin En G\u00fcvenilir Motorsiklet Servisi, T\u00fcrkiye'de ilk Yerli \u00dcretim Motorsiklet","description":"","publisher":{"@id":"https:\/\/ttcustom.com\/#organization"},"potentialAction":[{"@type":"SearchAction","target":{"@type":"EntryPoint","urlTemplate":"https:\/\/ttcustom.com\/?s={search_term_string}"},"query-input":{"@type":"PropertyValueSpecification","valueRequired":true,"valueName":"search_term_string"}}],"inLanguage":"tr"},{"@type":"Organization","@id":"https:\/\/ttcustom.com\/#organization","name":"TT Custom, T\u00fcrkiye'nin En G\u00fcvenilir Motorsiklet Servisi, T\u00fcrkiye'de ilk Yerli \u00dcretim Motorsiklet","url":"https:\/\/ttcustom.com\/","logo":{"@type":"ImageObject","inLanguage":"tr","@id":"https:\/\/ttcustom.com\/#\/schema\/logo\/image\/","url":"https:\/\/ttcustom.com\/wp-content\/uploads\/2025\/03\/asdasdad.png","contentUrl":"https:\/\/ttcustom.com\/wp-content\/uploads\/2025\/03\/asdasdad.png","width":1000,"height":1000,"caption":"TT Custom, T\u00fcrkiye'nin En G\u00fcvenilir Motorsiklet Servisi, T\u00fcrkiye'de ilk Yerli \u00dcretim Motorsiklet"},"image":{"@id":"https:\/\/ttcustom.com\/#\/schema\/logo\/image\/"},"sameAs":["https:\/\/www.facebook.com\/ttcustomturkiye"],"email":"info@ttmotor.com.tr","telephone":"08508888888","legalName":"TT Motor A.\u015e."}]}},"rttpg_featured_image_url":null,"rttpg_author":{"display_name":"admin","author_link":"https:\/\/ttcustom.com\/?author=1"},"rttpg_comment":0,"rttpg_category":null,"rttpg_excerpt":"\u00d6zel Yap\u0131m Egzoz SistemleriTT Custom&#8217;da el i\u015f\u00e7ili\u011fiyle \u00fcretilen \u00f6zel yap\u0131m egzozlar Sadece G\u00fc\u00e7 De\u011fil, Tarz da Egzozdan Gelir. TT Custom\u2019da her egzoz, s\u0131radan bir par\u00e7a de\u011fil; bir ifade bi\u00e7imidir.G\u00fcc\u00fc art\u0131rmak, sesi ki\u015fiselle\u015ftirmek ve o ilk mar\u015fta ruhunu ortaya koymak istiyorsan, do\u011fru yerdesin.Her egzoz sistemi ustalar\u0131m\u0131z\u0131n ellerinde, senin stiline \u00f6zel tasarlan\u0131r ve \u00fcretilir.\u00c7\u00fcnk\u00fc motorun sustu\u011funda bile,&hellip;","_links":{"self":[{"href":"https:\/\/ttcustom.com\/index.php?rest_route=\/wp\/v2\/pages\/1855","targetHints":{"allow":["GET"]}}],"collection":[{"href":"https:\/\/ttcustom.com\/index.php?rest_route=\/wp\/v2\/pages"}],"about":[{"href":"https:\/\/ttcustom.com\/index.php?rest_route=\/wp\/v2\/types\/page"}],"author":[{"embeddable":true,"href":"https:\/\/ttcustom.com\/index.php?rest_route=\/wp\/v2\/users\/1"}],"replies":[{"embeddable":true,"href":"https:\/\/ttcustom.com\/index.php?rest_route=%2Fwp%2Fv2%2Fcomments&post=1855"}],"version-history":[{"count":12,"href":"https:\/\/ttcustom.com\/index.php?rest_route=\/wp\/v2\/pages\/1855\/revisions"}],"predecessor-version":[{"id":1999,"href":"https:\/\/ttcustom.com\/index.php?rest_route=\/wp\/v2\/pages\/1855\/revisions\/1999"}],"wp:attachment":[{"href":"https:\/\/ttcustom.com\/index.php?rest_route=%2Fwp%2Fv2%2Fmedia&parent=1855"}],"curies":[{"name":"wp","href":"https:\/\/api.w.org\/{rel}","templated":true}]}}