{"id":1761,"date":"2025-04-29T15:23:03","date_gmt":"2025-04-29T15:23:03","guid":{"rendered":"https:\/\/ttcustom.com\/?page_id=1761"},"modified":"2025-05-01T22:01:29","modified_gmt":"2025-05-01T22:01:29","slug":"ozel-yapim-parca-ev-aksesuar","status":"publish","type":"page","link":"https:\/\/ttcustom.com\/?page_id=1761","title":{"rendered":"\u00d6zel Yap\u0131m Par\u00e7a ve Aksesuar"},"content":{"rendered":"\t\t<div data-elementor-type=\"wp-page\" data-elementor-id=\"1761\" class=\"elementor elementor-1761\" data-elementor-post-type=\"page\">\n\t\t\t\t<div class=\"elementor-element elementor-element-6268a8fc e-flex e-con-boxed e-con e-parent\" data-id=\"6268a8fc\" data-element_type=\"container\">\n\t\t\t\t\t<div class=\"e-con-inner\">\n\t\t\t\t<div class=\"elementor-element elementor-element-4e4f20c6 elementor--h-position-center elementor--v-position-middle elementor-arrows-position-inside elementor-pagination-position-inside elementor-widget elementor-widget-slides\" data-id=\"4e4f20c6\" data-element_type=\"widget\" data-settings=\"{&quot;navigation&quot;:&quot;both&quot;,&quot;autoplay&quot;:&quot;yes&quot;,&quot;pause_on_hover&quot;:&quot;yes&quot;,&quot;pause_on_interaction&quot;:&quot;yes&quot;,&quot;autoplay_speed&quot;:5000,&quot;infinite&quot;:&quot;yes&quot;,&quot;transition&quot;:&quot;slide&quot;,&quot;transition_speed&quot;:500}\" data-widget_type=\"slides.default\">\n\t\t\t\t<div class=\"elementor-widget-container\">\n\t\t\t\t\t\t\t\t\t<div class=\"elementor-swiper\">\n\t\t\t\t\t<div class=\"elementor-slides-wrapper elementor-main-swiper swiper\" role=\"region\" aria-roledescription=\"carousel\" aria-label=\"Motorlar\" dir=\"ltr\" data-animation=\"fadeInUp\">\n\t\t\t\t<div class=\"swiper-wrapper elementor-slides\">\n\t\t\t\t\t\t\t\t\t\t<div class=\"elementor-repeater-item-e867c30 swiper-slide\" role=\"group\" aria-roledescription=\"slide\"><div class=\"swiper-slide-bg\" role=\"img\"><\/div><div class=\"swiper-slide-inner\" ><div class=\"swiper-slide-contents\"><div class=\"elementor-slide-heading\">\u00d6zel Yap\u0131m Par\u00e7a ve Aksesuar<\/div><div class=\"elementor-slide-description\">TT Custom el i\u015f\u00e7ili\u011fiyle \u00fcretilmi\u015f, karakter kazand\u0131ran par\u00e7a ve aksesuarlar.<\/div><\/div><\/div><\/div>\t\t\t\t<\/div>\n\t\t\t\t\t\t\t<\/div>\n\t\t\t\t<\/div>\n\t\t\t\t\t\t\t\t<\/div>\n\t\t\t\t<\/div>\n\t\t\t\t\t<\/div>\n\t\t\t\t<\/div>\n\t\t<div class=\"elementor-element elementor-element-2db76db3 e-flex e-con-boxed e-con e-parent\" data-id=\"2db76db3\" data-element_type=\"container\" data-settings=\"{&quot;background_background&quot;:&quot;classic&quot;}\">\n\t\t\t\t\t<div class=\"e-con-inner\">\n\t\t<div class=\"elementor-element elementor-element-5a3341c e-con-full e-flex e-con e-child\" data-id=\"5a3341c\" data-element_type=\"container\">\n\t\t\t\t<\/div>\n\t\t<div class=\"elementor-element elementor-element-4054187a e-con-full e-flex e-con e-child\" data-id=\"4054187a\" data-element_type=\"container\">\n\t\t\t\t<div class=\"elementor-element elementor-element-7e924885 animated-slow elementor-invisible elementor-widget elementor-widget-heading\" data-id=\"7e924885\" data-element_type=\"widget\" data-settings=\"{&quot;_animation&quot;:&quot;slideInUp&quot;}\" data-widget_type=\"heading.default\">\n\t\t\t\t<div class=\"elementor-widget-container\">\n\t\t\t\t\t<h2 class=\"elementor-heading-title elementor-size-default\">S\u0131radan \u00fcretim de\u011fil, ki\u015fisel bir imza.<\/h2>\t\t\t\t<\/div>\n\t\t\t\t<\/div>\n\t\t\t\t<div class=\"elementor-element elementor-element-54485a9b elementor-widget elementor-widget-text-editor\" data-id=\"54485a9b\" data-element_type=\"widget\" data-widget_type=\"text-editor.default\">\n\t\t\t\t<div class=\"elementor-widget-container\">\n\t\t\t\t\t\t\t\t\t<p>TT Custom olarak biz sadece motosiklet ta\u015f\u0131m\u0131yoruz; tutkuyu, eme\u011fi ve hayalleri yola \u00e7\u0131kar\u0131yoruz. 7\/24 haz\u0131r ekibimiz ve motosiklete \u00f6zel donan\u0131ml\u0131 ara\u00e7lar\u0131m\u0131zla, yolda kalmak diye bir \u015fey yok. \u00c7\u00fcnk\u00fc senin g\u00fcvenli\u011fin bizim i\u00e7in her \u015feyden \u00f6nce gelir.<br data-start=\"501\" data-end=\"504\" \/>Bu yolda yaln\u0131z de\u011filsin \u2014 <strong data-start=\"531\" data-end=\"554\">biz hep yan\u0131nday\u0131z.<\/strong><\/p>\t\t\t\t\t\t\t\t<\/div>\n\t\t\t\t<\/div>\n\t\t\t\t<div class=\"elementor-element elementor-element-791fefb9 elementor-align-center elementor-mobile-align-center elementor-widget elementor-widget-button\" data-id=\"791fefb9\" data-element_type=\"widget\" data-widget_type=\"button.default\">\n\t\t\t\t<div class=\"elementor-widget-container\">\n\t\t\t\t\t\t\t\t\t<div class=\"elementor-button-wrapper\">\n\t\t\t\t\t<a class=\"elementor-button elementor-button-link elementor-size-lg elementor-animation-grow\" href=\"#\">\n\t\t\t\t\t\t<span class=\"elementor-button-content-wrapper\">\n\t\t\t\t\t\t\t\t\t<span class=\"elementor-button-text\">Hemen Ara!<\/span>\n\t\t\t\t\t<\/span>\n\t\t\t\t\t<\/a>\n\t\t\t\t<\/div>\n\t\t\t\t\t\t\t\t<\/div>\n\t\t\t\t<\/div>\n\t\t\t\t<\/div>\n\t\t\t\t\t<\/div>\n\t\t\t\t<\/div>\n\t\t<div class=\"elementor-element elementor-element-20e15575 e-flex e-con-boxed e-con e-parent\" data-id=\"20e15575\" data-element_type=\"container\" data-settings=\"{&quot;background_background&quot;:&quot;classic&quot;}\">\n\t\t\t\t\t<div class=\"e-con-inner\">\n\t\t<div class=\"elementor-element elementor-element-51f37143 e-con-full e-flex e-con e-child\" data-id=\"51f37143\" data-element_type=\"container\">\n\t\t\t\t<div class=\"elementor-element elementor-element-4c071a5a animated-slow elementor-invisible elementor-widget elementor-widget-heading\" data-id=\"4c071a5a\" data-element_type=\"widget\" data-settings=\"{&quot;_animation&quot;:&quot;slideInUp&quot;}\" data-widget_type=\"heading.default\">\n\t\t\t\t<div class=\"elementor-widget-container\">\n\t\t\t\t\t<h2 class=\"elementor-heading-title elementor-size-default\">Her Par\u00e7a Ruhunu Yans\u0131t\u0131r.<\/h2>\t\t\t\t<\/div>\n\t\t\t\t<\/div>\n\t\t\t\t<div class=\"elementor-element elementor-element-77d73ba7 elementor-widget elementor-widget-text-editor\" data-id=\"77d73ba7\" data-element_type=\"widget\" data-widget_type=\"text-editor.default\">\n\t\t\t\t<div class=\"elementor-widget-container\">\n\t\t\t\t\t\t\t\t\t<p class=\"\" data-start=\"249\" data-end=\"601\">TT Custom\u2019da \u00fcretti\u011fimiz her par\u00e7a; senin tarz\u0131n\u0131, tutkunun g\u00fcc\u00fcn\u00fc ve \u00f6zg\u00fcrl\u00fck anlay\u0131\u015f\u0131n\u0131 anlat\u0131r.<br data-start=\"347\" data-end=\"350\" \/>S\u0131radan aksesuarlarla yetinmek yerine, kendi \u00e7izgini ortaya koymak istiyorsan do\u011fru yerdesin.<br data-start=\"443\" data-end=\"446\" \/>\u0130ster gidon, ister egzoz, ister sele\u2026 Her detay ustalar\u0131m\u0131z\u0131n elinden, senin hik\u00e2yene \u00f6zel \u015fekillenir.<br data-start=\"548\" data-end=\"551\" \/><strong data-start=\"551\" data-end=\"601\">Bu par\u00e7alarda sadece metal yok \u2014 karakter var.<\/strong><\/p>\t\t\t\t\t\t\t\t<\/div>\n\t\t\t\t<\/div>\n\t\t\t\t<div class=\"elementor-element elementor-element-38cf19e6 elementor-align-center elementor-mobile-align-center elementor-widget elementor-widget-button\" data-id=\"38cf19e6\" data-element_type=\"widget\" data-widget_type=\"button.default\">\n\t\t\t\t<div class=\"elementor-widget-container\">\n\t\t\t\t\t\t\t\t\t<div class=\"elementor-button-wrapper\">\n\t\t\t\t\t<a class=\"elementor-button elementor-button-link elementor-size-lg elementor-animation-grow\" href=\"#\">\n\t\t\t\t\t\t<span class=\"elementor-button-content-wrapper\">\n\t\t\t\t\t\t\t\t\t<span class=\"elementor-button-text\">Hemen Ara!<\/span>\n\t\t\t\t\t<\/span>\n\t\t\t\t\t<\/a>\n\t\t\t\t<\/div>\n\t\t\t\t\t\t\t\t<\/div>\n\t\t\t\t<\/div>\n\t\t\t\t<\/div>\n\t\t<div class=\"elementor-element elementor-element-1fd400f e-con-full e-flex e-con e-child\" data-id=\"1fd400f\" data-element_type=\"container\">\n\t\t\t\t<\/div>\n\t\t\t\t\t<\/div>\n\t\t\t\t<\/div>\n\t\t<div class=\"elementor-element elementor-element-7656a38b e-flex e-con-boxed e-con e-parent\" data-id=\"7656a38b\" data-element_type=\"container\" data-settings=\"{&quot;background_background&quot;:&quot;classic&quot;}\">\n\t\t\t\t\t<div class=\"e-con-inner\">\n\t\t<div class=\"elementor-element elementor-element-f2214ce e-con-full e-flex e-con e-child\" data-id=\"f2214ce\" data-element_type=\"container\">\n\t\t\t\t<\/div>\n\t\t<div class=\"elementor-element elementor-element-15127db8 e-con-full e-flex e-con e-child\" data-id=\"15127db8\" data-element_type=\"container\">\n\t\t\t\t<div class=\"elementor-element elementor-element-46230d2c animated-slow elementor-invisible elementor-widget elementor-widget-heading\" data-id=\"46230d2c\" data-element_type=\"widget\" data-settings=\"{&quot;_animation&quot;:&quot;slideInUp&quot;}\" data-widget_type=\"heading.default\">\n\t\t\t\t<div class=\"elementor-widget-container\">\n\t\t\t\t\t<h2 class=\"elementor-heading-title elementor-size-default\">Sadece \u00dcretmiyoruz, Senin \u0130\u00e7in Tasarl\u0131yoruz.<\/h2>\t\t\t\t<\/div>\n\t\t\t\t<\/div>\n\t\t\t\t<div class=\"elementor-element elementor-element-77350bf1 elementor-widget elementor-widget-text-editor\" data-id=\"77350bf1\" data-element_type=\"widget\" data-widget_type=\"text-editor.default\">\n\t\t\t\t<div class=\"elementor-widget-container\">\n\t\t\t\t\t\t\t\t\t<p class=\"\" data-start=\"287\" data-end=\"592\">Her par\u00e7an\u0131n ard\u0131nda bir el, her \u00e7izginin ard\u0131nda bir ruh var.<br data-start=\"349\" data-end=\"352\" \/>TT Custom\u2019da par\u00e7alar seri halde \u00e7\u0131kmaz; tutkuyla \u015fekillenir, senin tarz\u0131na g\u00f6re hayat bulur.<br data-start=\"445\" data-end=\"448\" \/>\u0130ster sert bir g\u00f6r\u00fcn\u00fcm, ister nostaljik bir duru\u015f&#8230; Hayalini anlatman yeterli.<br data-start=\"527\" data-end=\"530\" \/><strong data-start=\"530\" data-end=\"592\">Gerisini biz ellerimizle, y\u00fcre\u011fimizle, senin i\u00e7in yapar\u0131z.<\/strong><\/p>\t\t\t\t\t\t\t\t<\/div>\n\t\t\t\t<\/div>\n\t\t\t\t<div class=\"elementor-element elementor-element-638019b elementor-align-center elementor-mobile-align-center elementor-widget elementor-widget-button\" data-id=\"638019b\" data-element_type=\"widget\" data-widget_type=\"button.default\">\n\t\t\t\t<div class=\"elementor-widget-container\">\n\t\t\t\t\t\t\t\t\t<div class=\"elementor-button-wrapper\">\n\t\t\t\t\t<a class=\"elementor-button elementor-button-link elementor-size-lg elementor-animation-grow\" href=\"#\">\n\t\t\t\t\t\t<span class=\"elementor-button-content-wrapper\">\n\t\t\t\t\t\t\t\t\t<span class=\"elementor-button-text\">Hemen Ara!<\/span>\n\t\t\t\t\t<\/span>\n\t\t\t\t\t<\/a>\n\t\t\t\t<\/div>\n\t\t\t\t\t\t\t\t<\/div>\n\t\t\t\t<\/div>\n\t\t\t\t<\/div>\n\t\t\t\t\t<\/div>\n\t\t\t\t<\/div>\n\t\t\t\t<\/div>\n\t\t","protected":false},"excerpt":{"rendered":"<p>\u00d6zel Yap\u0131m Par\u00e7a ve AksesuarTT Custom el i\u015f\u00e7ili\u011fiyle \u00fcretilmi\u015f, karakter kazand\u0131ran par\u00e7a ve aksesuarlar. S\u0131radan \u00fcretim de\u011fil, ki\u015fisel bir imza. TT Custom olarak biz sadece motosiklet ta\u015f\u0131m\u0131yoruz; tutkuyu, eme\u011fi ve hayalleri yola \u00e7\u0131kar\u0131yoruz. 7\/24 haz\u0131r ekibimiz ve motosiklete \u00f6zel donan\u0131ml\u0131 ara\u00e7lar\u0131m\u0131zla, yolda kalmak diye bir \u015fey yok. \u00c7\u00fcnk\u00fc senin g\u00fcvenli\u011fin bizim i\u00e7in her \u015feyden \u00f6nce [&hellip;]<\/p>\n","protected":false},"author":1,"featured_media":0,"parent":0,"menu_order":0,"comment_status":"closed","ping_status":"closed","template":"","meta":{"footnotes":""},"class_list":["post-1761","page","type-page","status-publish","hentry"],"yoast_head":"<!-- This site is optimized with the Yoast SEO Premium plugin v24.6 (Yoast SEO v24.6) - https:\/\/yoast.com\/wordpress\/plugins\/seo\/ -->\n<title>\u00d6zel Yap\u0131m Par\u00e7a ve Aksesuar - TT Custom Choppers<\/title>\n<meta name=\"robots\" content=\"index, follow, max-snippet:-1, max-image-preview:large, max-video-preview:-1\" \/>\n<link rel=\"canonical\" href=\"https:\/\/ttcustom.com\/?page_id=1761\" \/>\n<meta property=\"og:locale\" content=\"tr_TR\" \/>\n<meta property=\"og:type\" content=\"article\" \/>\n<meta property=\"og:title\" content=\"\u00d6zel Yap\u0131m Par\u00e7a ve Aksesuar\" \/>\n<meta property=\"og:description\" content=\"\u00d6zel Yap\u0131m Par\u00e7a ve AksesuarTT Custom el i\u015f\u00e7ili\u011fiyle \u00fcretilmi\u015f, karakter kazand\u0131ran par\u00e7a ve aksesuarlar. S\u0131radan \u00fcretim de\u011fil, ki\u015fisel bir imza. TT Custom olarak biz sadece motosiklet ta\u015f\u0131m\u0131yoruz; tutkuyu, eme\u011fi ve hayalleri yola \u00e7\u0131kar\u0131yoruz. 7\/24 haz\u0131r ekibimiz ve motosiklete \u00f6zel donan\u0131ml\u0131 ara\u00e7lar\u0131m\u0131zla, yolda kalmak diye bir \u015fey yok. \u00c7\u00fcnk\u00fc senin g\u00fcvenli\u011fin bizim i\u00e7in her \u015feyden \u00f6nce [&hellip;]\" \/>\n<meta property=\"og:url\" content=\"https:\/\/ttcustom.com\/?page_id=1761\" \/>\n<meta property=\"og:site_name\" content=\"TT Custom Choppers\" \/>\n<meta property=\"article:publisher\" content=\"https:\/\/www.facebook.com\/ttcustomturkiye\" \/>\n<meta property=\"article:modified_time\" content=\"2025-05-01T22:01:29+00:00\" \/>\n<meta property=\"og:image\" content=\"https:\/\/ttcustom.com\/wp-content\/uploads\/2025\/05\/012.png\" \/>\n\t<meta property=\"og:image:width\" content=\"1000\" \/>\n\t<meta property=\"og:image:height\" content=\"562\" \/>\n\t<meta property=\"og:image:type\" content=\"image\/png\" \/>\n<meta name=\"twitter:card\" content=\"summary_large_image\" \/>\n<meta name=\"twitter:label1\" content=\"Tahmini okuma s\u00fcresi\" \/>\n\t<meta name=\"twitter:data1\" content=\"1 dakika\" \/>\n<script type=\"application\/ld+json\" class=\"yoast-schema-graph\">{\"@context\":\"https:\/\/schema.org\",\"@graph\":[{\"@type\":\"WebPage\",\"@id\":\"https:\/\/ttcustom.com\/?page_id=1761\",\"url\":\"https:\/\/ttcustom.com\/?page_id=1761\",\"name\":\"\u00d6zel Yap\u0131m Par\u00e7a ve Aksesuar - TT Custom Choppers\",\"isPartOf\":{\"@id\":\"https:\/\/ttcustom.com\/#website\"},\"datePublished\":\"2025-04-29T15:23:03+00:00\",\"dateModified\":\"2025-05-01T22:01:29+00:00\",\"breadcrumb\":{\"@id\":\"https:\/\/ttcustom.com\/?page_id=1761#breadcrumb\"},\"inLanguage\":\"tr\",\"potentialAction\":[{\"@type\":\"ReadAction\",\"target\":[\"https:\/\/ttcustom.com\/?page_id=1761\"]}]},{\"@type\":\"BreadcrumbList\",\"@id\":\"https:\/\/ttcustom.com\/?page_id=1761#breadcrumb\",\"itemListElement\":[{\"@type\":\"ListItem\",\"position\":1,\"name\":\"Anasayfa\",\"item\":\"https:\/\/ttcustom.com\/\"},{\"@type\":\"ListItem\",\"position\":2,\"name\":\"\u00d6zel Yap\u0131m Par\u00e7a ve Aksesuar\"}]},{\"@type\":\"WebSite\",\"@id\":\"https:\/\/ttcustom.com\/#website\",\"url\":\"https:\/\/ttcustom.com\/\",\"name\":\"TT Custom, T\u00fcrkiye'nin En G\u00fcvenilir Motorsiklet Servisi, T\u00fcrkiye'de ilk Yerli \u00dcretim Motorsiklet\",\"description\":\"\",\"publisher\":{\"@id\":\"https:\/\/ttcustom.com\/#organization\"},\"potentialAction\":[{\"@type\":\"SearchAction\",\"target\":{\"@type\":\"EntryPoint\",\"urlTemplate\":\"https:\/\/ttcustom.com\/?s={search_term_string}\"},\"query-input\":{\"@type\":\"PropertyValueSpecification\",\"valueRequired\":true,\"valueName\":\"search_term_string\"}}],\"inLanguage\":\"tr\"},{\"@type\":\"Organization\",\"@id\":\"https:\/\/ttcustom.com\/#organization\",\"name\":\"TT Custom, T\u00fcrkiye'nin En G\u00fcvenilir Motorsiklet Servisi, T\u00fcrkiye'de ilk Yerli \u00dcretim Motorsiklet\",\"url\":\"https:\/\/ttcustom.com\/\",\"logo\":{\"@type\":\"ImageObject\",\"inLanguage\":\"tr\",\"@id\":\"https:\/\/ttcustom.com\/#\/schema\/logo\/image\/\",\"url\":\"https:\/\/ttcustom.com\/wp-content\/uploads\/2025\/03\/asdasdad.png\",\"contentUrl\":\"https:\/\/ttcustom.com\/wp-content\/uploads\/2025\/03\/asdasdad.png\",\"width\":1000,\"height\":1000,\"caption\":\"TT Custom, T\u00fcrkiye'nin En G\u00fcvenilir Motorsiklet Servisi, T\u00fcrkiye'de ilk Yerli \u00dcretim Motorsiklet\"},\"image\":{\"@id\":\"https:\/\/ttcustom.com\/#\/schema\/logo\/image\/\"},\"sameAs\":[\"https:\/\/www.facebook.com\/ttcustomturkiye\"],\"email\":\"info@ttmotor.com.tr\",\"telephone\":\"08508888888\",\"legalName\":\"TT Motor A.\u015e.\"}]}<\/script>\n<!-- \/ Yoast SEO Premium plugin. -->","yoast_head_json":{"title":"\u00d6zel Yap\u0131m Par\u00e7a ve Aksesuar - TT Custom Choppers","robots":{"index":"index","follow":"follow","max-snippet":"max-snippet:-1","max-image-preview":"max-image-preview:large","max-video-preview":"max-video-preview:-1"},"canonical":"https:\/\/ttcustom.com\/?page_id=1761","og_locale":"tr_TR","og_type":"article","og_title":"\u00d6zel Yap\u0131m Par\u00e7a ve Aksesuar","og_description":"\u00d6zel Yap\u0131m Par\u00e7a ve AksesuarTT Custom el i\u015f\u00e7ili\u011fiyle \u00fcretilmi\u015f, karakter kazand\u0131ran par\u00e7a ve aksesuarlar. S\u0131radan \u00fcretim de\u011fil, ki\u015fisel bir imza. TT Custom olarak biz sadece motosiklet ta\u015f\u0131m\u0131yoruz; tutkuyu, eme\u011fi ve hayalleri yola \u00e7\u0131kar\u0131yoruz. 7\/24 haz\u0131r ekibimiz ve motosiklete \u00f6zel donan\u0131ml\u0131 ara\u00e7lar\u0131m\u0131zla, yolda kalmak diye bir \u015fey yok. \u00c7\u00fcnk\u00fc senin g\u00fcvenli\u011fin bizim i\u00e7in her \u015feyden \u00f6nce [&hellip;]","og_url":"https:\/\/ttcustom.com\/?page_id=1761","og_site_name":"TT Custom Choppers","article_publisher":"https:\/\/www.facebook.com\/ttcustomturkiye","article_modified_time":"2025-05-01T22:01:29+00:00","og_image":[{"width":1000,"height":562,"url":"https:\/\/ttcustom.com\/wp-content\/uploads\/2025\/05\/012.png","type":"image\/png"}],"twitter_card":"summary_large_image","twitter_misc":{"Tahmini okuma s\u00fcresi":"1 dakika"},"schema":{"@context":"https:\/\/schema.org","@graph":[{"@type":"WebPage","@id":"https:\/\/ttcustom.com\/?page_id=1761","url":"https:\/\/ttcustom.com\/?page_id=1761","name":"\u00d6zel Yap\u0131m Par\u00e7a ve Aksesuar - TT Custom Choppers","isPartOf":{"@id":"https:\/\/ttcustom.com\/#website"},"datePublished":"2025-04-29T15:23:03+00:00","dateModified":"2025-05-01T22:01:29+00:00","breadcrumb":{"@id":"https:\/\/ttcustom.com\/?page_id=1761#breadcrumb"},"inLanguage":"tr","potentialAction":[{"@type":"ReadAction","target":["https:\/\/ttcustom.com\/?page_id=1761"]}]},{"@type":"BreadcrumbList","@id":"https:\/\/ttcustom.com\/?page_id=1761#breadcrumb","itemListElement":[{"@type":"ListItem","position":1,"name":"Anasayfa","item":"https:\/\/ttcustom.com\/"},{"@type":"ListItem","position":2,"name":"\u00d6zel Yap\u0131m Par\u00e7a ve Aksesuar"}]},{"@type":"WebSite","@id":"https:\/\/ttcustom.com\/#website","url":"https:\/\/ttcustom.com\/","name":"TT Custom, T\u00fcrkiye'nin En G\u00fcvenilir Motorsiklet Servisi, T\u00fcrkiye'de ilk Yerli \u00dcretim Motorsiklet","description":"","publisher":{"@id":"https:\/\/ttcustom.com\/#organization"},"potentialAction":[{"@type":"SearchAction","target":{"@type":"EntryPoint","urlTemplate":"https:\/\/ttcustom.com\/?s={search_term_string}"},"query-input":{"@type":"PropertyValueSpecification","valueRequired":true,"valueName":"search_term_string"}}],"inLanguage":"tr"},{"@type":"Organization","@id":"https:\/\/ttcustom.com\/#organization","name":"TT Custom, T\u00fcrkiye'nin En G\u00fcvenilir Motorsiklet Servisi, T\u00fcrkiye'de ilk Yerli \u00dcretim Motorsiklet","url":"https:\/\/ttcustom.com\/","logo":{"@type":"ImageObject","inLanguage":"tr","@id":"https:\/\/ttcustom.com\/#\/schema\/logo\/image\/","url":"https:\/\/ttcustom.com\/wp-content\/uploads\/2025\/03\/asdasdad.png","contentUrl":"https:\/\/ttcustom.com\/wp-content\/uploads\/2025\/03\/asdasdad.png","width":1000,"height":1000,"caption":"TT Custom, T\u00fcrkiye'nin En G\u00fcvenilir Motorsiklet Servisi, T\u00fcrkiye'de ilk Yerli \u00dcretim Motorsiklet"},"image":{"@id":"https:\/\/ttcustom.com\/#\/schema\/logo\/image\/"},"sameAs":["https:\/\/www.facebook.com\/ttcustomturkiye"],"email":"info@ttmotor.com.tr","telephone":"08508888888","legalName":"TT Motor A.\u015e."}]}},"rttpg_featured_image_url":null,"rttpg_author":{"display_name":"admin","author_link":"https:\/\/ttcustom.com\/?author=1"},"rttpg_comment":0,"rttpg_category":null,"rttpg_excerpt":"\u00d6zel Yap\u0131m Par\u00e7a ve AksesuarTT Custom el i\u015f\u00e7ili\u011fiyle \u00fcretilmi\u015f, karakter kazand\u0131ran par\u00e7a ve aksesuarlar. S\u0131radan \u00fcretim de\u011fil, ki\u015fisel bir imza. TT Custom olarak biz sadece motosiklet ta\u015f\u0131m\u0131yoruz; tutkuyu, eme\u011fi ve hayalleri yola \u00e7\u0131kar\u0131yoruz. 7\/24 haz\u0131r ekibimiz ve motosiklete \u00f6zel donan\u0131ml\u0131 ara\u00e7lar\u0131m\u0131zla, yolda kalmak diye bir \u015fey yok. \u00c7\u00fcnk\u00fc senin g\u00fcvenli\u011fin bizim i\u00e7in her \u015feyden \u00f6nce&hellip;","_links":{"self":[{"href":"https:\/\/ttcustom.com\/index.php?rest_route=\/wp\/v2\/pages\/1761","targetHints":{"allow":["GET"]}}],"collection":[{"href":"https:\/\/ttcustom.com\/index.php?rest_route=\/wp\/v2\/pages"}],"about":[{"href":"https:\/\/ttcustom.com\/index.php?rest_route=\/wp\/v2\/types\/page"}],"author":[{"embeddable":true,"href":"https:\/\/ttcustom.com\/index.php?rest_route=\/wp\/v2\/users\/1"}],"replies":[{"embeddable":true,"href":"https:\/\/ttcustom.com\/index.php?rest_route=%2Fwp%2Fv2%2Fcomments&post=1761"}],"version-history":[{"count":18,"href":"https:\/\/ttcustom.com\/index.php?rest_route=\/wp\/v2\/pages\/1761\/revisions"}],"predecessor-version":[{"id":2002,"href":"https:\/\/ttcustom.com\/index.php?rest_route=\/wp\/v2\/pages\/1761\/revisions\/2002"}],"wp:attachment":[{"href":"https:\/\/ttcustom.com\/index.php?rest_route=%2Fwp%2Fv2%2Fmedia&parent=1761"}],"curies":[{"name":"wp","href":"https:\/\/api.w.org\/{rel}","templated":true}]}}